{"id":3705,"date":"2024-01-10T10:46:37","date_gmt":"2024-01-10T09:46:37","guid":{"rendered":"https:\/\/stephan-sax.com\/?page_id=3705"},"modified":"2026-04-06T19:59:09","modified_gmt":"2026-04-06T17:59:09","slug":"landing-page","status":"publish","type":"page","link":"https:\/\/stephan-sax.com\/de\/","title":{"rendered":"Hjem"},"content":{"rendered":"<p>[et_pb_section fb_built=&#8221;1&#8243; admin_label=&#8221;Hero&#8221; _builder_version=&#8221;4.27.4&#8243; _module_preset=&#8221;default&#8221; background_enable_image=&#8221;off&#8221; background_size=&#8221;initial&#8221; background_video_mp4=&#8221;https:\/\/stephan-sax.com\/wp-content\/uploads\/2026\/02\/20240720_130730.mp4&#8243; width=&#8221;100%&#8221; max_width=&#8221;100%&#8221; module_alignment=&#8221;center&#8221; min_height=&#8221;85vh&#8221; height=&#8221;0px&#8221; max_height=&#8221;0px&#8221; custom_margin=&#8221;||-1px||false|false&#8221; custom_padding=&#8221;0px||||false|false&#8221; global_colors_info=&#8221;{}&#8221;][et_pb_row _builder_version=&#8221;4.23.4&#8243; _module_preset=&#8221;default&#8221; background_enable_image=&#8221;off&#8221; positioning=&#8221;absolute&#8221; position_origin_a=&#8221;center_center&#8221; global_colors_info=&#8221;{}&#8221;][et_pb_column type=&#8221;4_4&#8243; _builder_version=&#8221;4.23.4&#8243; _module_preset=&#8221;default&#8221; global_colors_info=&#8221;{}&#8221;][et_pb_heading title=&#8221;Det handler om dig&#8221; _builder_version=&#8221;4.23.4&#8243; _module_preset=&#8221;default&#8221; title_font=&#8221;Montserrat|700|||||||&#8221; title_text_align=&#8221;center&#8221; title_text_color=&#8221;#f1d49f&#8221; title_font_size=&#8221;80px&#8221; title_text_color_tablet=&#8221;#f1d49f&#8221; title_text_color_phone=&#8221;#f1d49f&#8221; title_text_color_last_edited=&#8221;on|desktop&#8221; title_font_size_tablet=&#8221;72px&#8221; title_font_size_phone=&#8221;45px&#8221; title_font_size_last_edited=&#8221;on|tablet&#8221; title_text_shadow_style=&#8221;preset2&#8243; global_colors_info=&#8221;{}&#8221;][\/et_pb_heading][et_pb_heading title=&#8221;Ro &#8211; Klarhed &#8211; Retning&#8221; module_id=&#8221;UnderTekst&#8221; _builder_version=&#8221;4.27.4&#8243; _module_preset=&#8221;default&#8221; title_level=&#8221;h2&#8243; title_font=&#8221;Montserrat|700|on||||||&#8221; title_text_align=&#8221;center&#8221; title_text_color=&#8221;#F1D49F&#8221; title_font_size=&#8221;50px&#8221; background_color=&#8221;RGBA(255,255,255,0)&#8221; title_font_size_tablet=&#8221;43px&#8221; title_font_size_phone=&#8221;32px&#8221; title_font_size_last_edited=&#8221;on|desktop&#8221; title_text_shadow_style=&#8221;preset1&#8243; global_colors_info=&#8221;{}&#8221;][\/et_pb_heading][\/et_pb_column][\/et_pb_row][\/et_pb_section][et_pb_section fb_built=&#8221;1&#8243; _builder_version=&#8221;4.27.4&#8243; _module_preset=&#8221;default&#8221; background_color=&#8221;#8C6F5F&#8221; custom_margin=&#8221;||-24px|||&#8221; custom_padding=&#8221;||73px|||&#8221; global_colors_info=&#8221;{}&#8221;][et_pb_row column_structure=&#8221;1_2,1_2&#8243; _builder_version=&#8221;4.27.4&#8243; _module_preset=&#8221;default&#8221; global_colors_info=&#8221;{}&#8221;][et_pb_column type=&#8221;1_2&#8243; _builder_version=&#8221;4.27.4&#8243; _module_preset=&#8221;default&#8221; global_colors_info=&#8221;{}&#8221;][et_pb_button button_url=&#8221;https:\/\/stephan-sax.com\/privat-hovedside\/&#8221; button_text=&#8221;V\u00e6lg privat&#8221; button_alignment=&#8221;center&#8221; button_alignment_tablet=&#8221;&#8221; button_alignment_phone=&#8221;center&#8221; button_alignment_last_edited=&#8221;on|phone&#8221; module_id=&#8221;bigger-icon&#8221; _builder_version=&#8221;4.27.4&#8243; _module_preset=&#8221;3117bc07-6a8a-4679-b3bb-b6ed74b48a2f&#8221; custom_button=&#8221;on&#8221; button_text_size=&#8221;16px&#8221; button_text_color=&#8221;#402223&#8243; button_bg_color=&#8221;#F1CC65&#8243; button_border_width=&#8221;0px&#8221; button_border_color=&#8221;#2E5B61&#8243; button_border_radius=&#8221;50px&#8221; button_font=&#8221;Verdana|600|||||||&#8221; custom_padding=&#8221;20px|40px|20px|40px|true|true&#8221; animation_style=&#8221;fade&#8221; global_colors_info=&#8221;{}&#8221; custom_css_after__hover_enabled=&#8221;on|hover&#8221;][\/et_pb_button][et_pb_text _builder_version=&#8221;4.27.4&#8243; _module_preset=&#8221;default&#8221; background_color=&#8221;RGBA(255,255,255,0)&#8221; custom_padding=&#8221;||0px|||&#8221; global_colors_info=&#8221;{}&#8221;]<\/p>\n<h3 data-section-id=\"6bw5am\" data-start=\"120\" data-end=\"158\"><span style=\"color: #f1cc65;\"><strong>Wenn du hier als Privatperson kommst<\/strong><\/span><\/h3>\n<p><span style=\"color: #f1cc65;\"><strong><\/strong><\/span><\/p>\n<p data-start=\"160\" data-end=\"343\" class=\"translation-block\"><span style=\"color: #f2d6b5\">Im privaten Bereich begegnest du einem Raum, in dem <strong>du im Mittelpunkt stehst<\/strong>.<\/span><br>\n<span style=\"color: #f2d6b5\">Hier arbeiten wir mit Ruhe, Klarheit und Ausrichtung in deinem Leben, ohne Druck und ohne vorgefertigte L\u00f6sungen, die dir \u00fcbergest\u00fclpt werden.<\/span><\/p>\n<p data-start=\"345\" data-end=\"361\"><span style=\"color: #f2d6b5;\">Du kannst erwarten:<\/span><\/p>\n<p data-start=\"345\" data-end=\"361\"><span style=\"color: #f2d6b5; font-size: 14px;\">Dir als dem Menschen zu begegnen, der du bist<\/span><\/p>\n<p data-start=\"345\" data-end=\"361\"><span style=\"color: #f2d6b5; font-size: 14px;\">Einblick in deine inneren Antriebskr\u00e4fte und Muster zu gewinnen<\/span><\/p>\n<p data-start=\"345\" data-end=\"361\"><span style=\"color: #f2d6b5; font-size: 14px;\">Zu verstehen, warum du so reagierst, f\u00fchlst und handelst, wie du es tust<\/span><\/p>\n<p data-start=\"345\" data-end=\"361\"><span style=\"color: #f2d6b5; font-size: 14px;\">Zu dir selbst zur\u00fcckzufinden, wenn das Leben zu laut oder unklar geworden ist<\/span><\/p>\n<p data-start=\"605\" data-end=\"803\" class=\"translation-block\"><span style=\"color: #f2d6b5\">Die Arbeit nimmt ihren Ausgangspunkt in <strong>deinem Alltag, deinen Beziehungen und deinem Leben<\/strong>.<br><\/span><br>\n<span style=\"color: #f2d6b5\">Das Ziel ist nicht, dich zu ver\u00e4ndern, sondern dich dabei zu unterst\u00fctzen, st\u00e4rker in dir selbst zu stehen und Entscheidungen zu treffen, die sich f\u00fcr dich richtig anf\u00fchlen.<\/span><\/p>\n<p>[\/et_pb_text][\/et_pb_column][et_pb_column type=&#8221;1_2&#8243; _builder_version=&#8221;4.27.4&#8243; _module_preset=&#8221;default&#8221; global_colors_info=&#8221;{}&#8221;][et_pb_button button_url=&#8221;https:\/\/stephan-sax.com\/erhverv-hovedside\/&#8221; button_text=&#8221;V\u00e6lg erhverv&#8221; button_alignment=&#8221;center&#8221; button_alignment_tablet=&#8221;&#8221; button_alignment_phone=&#8221;center&#8221; button_alignment_last_edited=&#8221;on|phone&#8221; module_id=&#8221;bigger-icon&#8221; _builder_version=&#8221;4.27.4&#8243; _module_preset=&#8221;3117bc07-6a8a-4679-b3bb-b6ed74b48a2f&#8221; custom_button=&#8221;on&#8221; button_text_size=&#8221;16px&#8221; button_text_color=&#8221;#402223&#8243; button_bg_color=&#8221;#F1CC65&#8243; button_border_width=&#8221;0px&#8221; button_border_color=&#8221;#2E5B61&#8243; button_border_radius=&#8221;50px&#8221; button_font=&#8221;Verdana|600|||||||&#8221; custom_padding=&#8221;20px|40px|20px|40px|true|true&#8221; animation_style=&#8221;fade&#8221; locked=&#8221;off&#8221; global_colors_info=&#8221;{}&#8221; custom_css_after__hover_enabled=&#8221;on|hover&#8221;][\/et_pb_button][et_pb_text _builder_version=&#8221;4.27.4&#8243; _module_preset=&#8221;default&#8221; text_text_color=&#8221;#F2D6B5&#8243; header_text_color=&#8221;#F2D6B5&#8243; background_color=&#8221;RGBA(255,255,255,0)&#8221; background_layout=&#8221;dark&#8221; locked=&#8221;off&#8221; global_colors_info=&#8221;{}&#8221;]<\/p>\n<h3 data-section-id=\"1cr3ca\" data-start=\"131\" data-end=\"153\"><span style=\"color: #f1cc65;\"><strong>Ich w\u00e4hle gesch\u00e4ftlich<\/strong><\/span><\/h3>\n<p><span style=\"color: #f1cc65;\"><strong><\/strong><\/span><\/p>\n<p data-start=\"155\" data-end=\"320\" class=\"translation-block\">Hier begegnest du einem Raum, in dem <strong>der Mensch hinter der Rolle im Mittelpunkt steht<\/strong>.<br>\nEin Ort mit Fokus auf Klarheit, Verantwortung und nachhaltige Ergebnisse, ohne sich selbst auf dem Weg dorthin zu verlieren.<\/p>\n<p data-start=\"322\" data-end=\"356\">Als Gesch\u00e4ftskunde kannst du erwarten:<\/p>\n<p data-start=\"322\" data-end=\"356\"><span style=\"font-size: 14px;\">Einblick in deine inneren Antriebskr\u00e4fte und deine F\u00fchrungsmuster zu erhalten<\/span><\/p>\n<p data-start=\"322\" data-end=\"356\"><span style=\"font-size: 14px;\">Zu verstehen, wie deine Entscheidungen und Reaktionen Mitarbeitende, Zusammenarbeit und Ergebnisse beeinflussen<\/span><\/p>\n<p data-start=\"322\" data-end=\"356\"><span style=\"font-size: 14px;\">Klarheit in F\u00fchrung, Entscheidungen und Priorit\u00e4ten zu schaffen<\/span><\/p>\n<p data-start=\"322\" data-end=\"356\"><span style=\"font-size: 14px;\">Sowohl mit Performance als auch mit menschlicher Balance zu arbeiten<\/span><\/p>\n<p data-start=\"646\" data-end=\"859\" class=\"translation-block\">Die Arbeit nimmt ihren Ausgangspunkt in <strong>deiner Rolle, deinem Alltag und deiner Organisation<\/strong>.<br><br>\nDas Ziel ist nicht, dich zu etwas anderem zu machen, sondern deine Authentizit\u00e4t, deinen \u00dcberblick und deine F\u00e4higkeit zu st\u00e4rken, mit Klarheit und Ruhe zu f\u00fchren.<\/p>\n<p>[\/et_pb_text][\/et_pb_column][\/et_pb_row][\/et_pb_section][et_pb_section fb_built=&#8221;1&#8243; _builder_version=&#8221;4.27.4&#8243; _module_preset=&#8221;default&#8221; background_color=&#8221;#8C6F5F&#8221; custom_padding=&#8221;0px|||||&#8221; global_colors_info=&#8221;{}&#8221;][et_pb_row _builder_version=&#8221;4.27.4&#8243; _module_preset=&#8221;default&#8221; custom_margin=&#8221;17px|auto||auto||&#8221; global_colors_info=&#8221;{}&#8221;][et_pb_column type=&#8221;4_4&#8243; _builder_version=&#8221;4.27.4&#8243; _module_preset=&#8221;default&#8221; global_colors_info=&#8221;{}&#8221;][et_pb_button button_url=&#8221;https:\/\/8cc6eb93.sibforms.com\/serve\/MUIFAMQByUCHrGBWwy-xqO8-qZ4Om03XQbPN9K_Izq_g-UaWRQe40IhDAnzv3p0bi7sGZbGQMjlN0DYoX8XDeKDyYfj4Evs6gL2c3IVUuEquO6jXJnEoQoQIyoI2Mi6mL3yHcOKTd1UHIWV58LIZr7pXVE3FGSP4TQK5CygZObZlQ2V9uUoEKpcTdThd6XZu352fLUQ1hFaseyUS0A==&#8221; button_text=&#8221;Tilmeld dig mit nyhedsbrev&#8221; button_alignment=&#8221;center&#8221; button_alignment_tablet=&#8221;&#8221; button_alignment_phone=&#8221;center&#8221; button_alignment_last_edited=&#8221;on|phone&#8221; module_id=&#8221;bigger-icon&#8221; _builder_version=&#8221;4.27.4&#8243; _module_preset=&#8221;3117bc07-6a8a-4679-b3bb-b6ed74b48a2f&#8221; custom_button=&#8221;on&#8221; button_text_size=&#8221;16px&#8221; button_text_color=&#8221;#402223&#8243; button_bg_color=&#8221;#F1CC65&#8243; button_border_width=&#8221;0px&#8221; button_border_color=&#8221;#2E5B61&#8243; button_border_radius=&#8221;50px&#8221; button_font=&#8221;Verdana|600|||||||&#8221; custom_padding=&#8221;20px|40px|20px|40px|true|true&#8221; animation_style=&#8221;fade&#8221; global_colors_info=&#8221;{}&#8221; custom_css_after__hover_enabled=&#8221;on|hover&#8221;][\/et_pb_button][\/et_pb_column][\/et_pb_row][\/et_pb_section]<\/p>","protected":false},"excerpt":{"rendered":"<p>N\u00e5r du kommer her som privatperson I den private del m\u00f8der du et rum, hvor du er i centrum.Her arbejder vi med ro, klarhed og retning i dit liv, uden pres og uden f\u00e6rdige l\u00f8sninger, der skal passe ned over dig. Du kan forvente: At blive m\u00f8dt som det menneske, du er At f\u00e5 indsigt [&hellip;]<\/p>","protected":false},"author":1,"featured_media":0,"parent":0,"menu_order":0,"comment_status":"closed","ping_status":"closed","template":"","meta":{"_et_pb_use_builder":"on","_et_pb_old_content":"","_et_gb_content_width":"","footnotes":""},"class_list":["post-3705","page","type-page","status-publish","hentry"],"yoast_head":"<!-- This site is optimized with the Yoast SEO plugin v27.4 - https:\/\/yoast.com\/product\/yoast-seo-wordpress\/ -->\n<title>Stephan Sax Mental Performance | Ledelse, medarbejdere og virksomheder<\/title>\n<meta name=\"description\" content=\"Strategisk mental performance for ledelse, medarbejdere og virksomheder. PLD-baseret arbejde med ansvar, trivsel og b\u00e6redygtig performance i hverdagen.\" \/>\n<meta name=\"robots\" content=\"index, follow, max-snippet:-1, max-image-preview:large, max-video-preview:-1\" \/>\n<link rel=\"canonical\" href=\"https:\/\/stephan-sax.com\/de\/\" \/>\n<meta property=\"og:locale\" content=\"de_DE\" \/>\n<meta property=\"og:type\" content=\"article\" \/>\n<meta property=\"og:title\" content=\"Stephan Sax Mental Performance | Ledelse, medarbejdere og virksomheder\" \/>\n<meta property=\"og:description\" content=\"Strategisk mental performance for ledelse, medarbejdere og virksomheder. PLD-baseret arbejde med ansvar, trivsel og b\u00e6redygtig performance i hverdagen.\" \/>\n<meta property=\"og:url\" content=\"https:\/\/stephan-sax.com\/de\/\" \/>\n<meta property=\"og:site_name\" content=\"Stephan Sax Mental Performance ApS\" \/>\n<meta property=\"article:publisher\" content=\"https:\/\/www.facebook.com\/profile.php?id=100068816122387\" \/>\n<meta property=\"article:modified_time\" content=\"2026-04-06T17:59:09+00:00\" \/>\n<meta name=\"twitter:card\" content=\"summary_large_image\" \/>\n<meta name=\"twitter:label1\" content=\"Gesch\u00e4tzte Lesezeit\" \/>\n\t<meta name=\"twitter:data1\" content=\"16\u00a0Minuten\" \/>\n<script type=\"application\/ld+json\" class=\"yoast-schema-graph\">{\"@context\":\"https:\\\/\\\/schema.org\",\"@graph\":[{\"@type\":\"WebPage\",\"@id\":\"https:\\\/\\\/stephan-sax.com\\\/\",\"url\":\"https:\\\/\\\/stephan-sax.com\\\/\",\"name\":\"Stephan Sax Mental Performance | Ledelse, medarbejdere og virksomheder\",\"isPartOf\":{\"@id\":\"https:\\\/\\\/stephan-sax.com\\\/#website\"},\"datePublished\":\"2024-01-10T09:46:37+00:00\",\"dateModified\":\"2026-04-06T17:59:09+00:00\",\"description\":\"Strategisk mental performance for ledelse, medarbejdere og virksomheder. PLD-baseret arbejde med ansvar, trivsel og b\u00e6redygtig performance i hverdagen.\",\"breadcrumb\":{\"@id\":\"https:\\\/\\\/stephan-sax.com\\\/#breadcrumb\"},\"inLanguage\":\"de\",\"potentialAction\":[{\"@type\":\"ReadAction\",\"target\":[\"https:\\\/\\\/stephan-sax.com\\\/\"]}]},{\"@type\":\"BreadcrumbList\",\"@id\":\"https:\\\/\\\/stephan-sax.com\\\/#breadcrumb\",\"itemListElement\":[{\"@type\":\"ListItem\",\"position\":1,\"name\":\"Startseite\",\"item\":\"https:\\\/\\\/stephan-sax.com\\\/\"},{\"@type\":\"ListItem\",\"position\":2,\"name\":\"Stephan Sax\"}]},{\"@type\":\"WebSite\",\"@id\":\"https:\\\/\\\/stephan-sax.com\\\/#website\",\"url\":\"https:\\\/\\\/stephan-sax.com\\\/\",\"name\":\"Stephan Sax Mental Performance ApS\",\"description\":\"Mental Performance for ledelse, medarbejdere og virksomheder\",\"alternateName\":\"High Performance\",\"potentialAction\":[{\"@type\":\"SearchAction\",\"target\":{\"@type\":\"EntryPoint\",\"urlTemplate\":\"https:\\\/\\\/stephan-sax.com\\\/?s={search_term_string}\"},\"query-input\":{\"@type\":\"PropertyValueSpecification\",\"valueRequired\":true,\"valueName\":\"search_term_string\"}}],\"inLanguage\":\"de\"}]}<\/script>\n<!-- \/ Yoast SEO plugin. -->","yoast_head_json":{"title":"Stephan Sax Mental Performance | Ledelse, medarbejdere og virksomheder","description":"Strategisk mental performance for ledelse, medarbejdere og virksomheder. PLD-baseret arbejde med ansvar, trivsel og b\u00e6redygtig performance i hverdagen.","robots":{"index":"index","follow":"follow","max-snippet":"max-snippet:-1","max-image-preview":"max-image-preview:large","max-video-preview":"max-video-preview:-1"},"canonical":"https:\/\/stephan-sax.com\/de\/","og_locale":"de_DE","og_type":"article","og_title":"Stephan Sax Mental Performance | Ledelse, medarbejdere og virksomheder","og_description":"Strategisk mental performance for ledelse, medarbejdere og virksomheder. PLD-baseret arbejde med ansvar, trivsel og b\u00e6redygtig performance i hverdagen.","og_url":"https:\/\/stephan-sax.com\/de\/","og_site_name":"Stephan Sax Mental Performance ApS","article_publisher":"https:\/\/www.facebook.com\/profile.php?id=100068816122387","article_modified_time":"2026-04-06T17:59:09+00:00","twitter_card":"summary_large_image","twitter_misc":{"Gesch\u00e4tzte Lesezeit":"16\u00a0Minuten"},"schema":{"@context":"https:\/\/schema.org","@graph":[{"@type":"WebPage","@id":"https:\/\/stephan-sax.com\/","url":"https:\/\/stephan-sax.com\/","name":"Stephan Sax Mental Performance | Ledelse, medarbejdere og virksomheder","isPartOf":{"@id":"https:\/\/stephan-sax.com\/#website"},"datePublished":"2024-01-10T09:46:37+00:00","dateModified":"2026-04-06T17:59:09+00:00","description":"Strategisk mental performance for ledelse, medarbejdere og virksomheder. PLD-baseret arbejde med ansvar, trivsel og b\u00e6redygtig performance i hverdagen.","breadcrumb":{"@id":"https:\/\/stephan-sax.com\/#breadcrumb"},"inLanguage":"de","potentialAction":[{"@type":"ReadAction","target":["https:\/\/stephan-sax.com\/"]}]},{"@type":"BreadcrumbList","@id":"https:\/\/stephan-sax.com\/#breadcrumb","itemListElement":[{"@type":"ListItem","position":1,"name":"Startseite","item":"https:\/\/stephan-sax.com\/"},{"@type":"ListItem","position":2,"name":"Stephan Sax"}]},{"@type":"WebSite","@id":"https:\/\/stephan-sax.com\/#website","url":"https:\/\/stephan-sax.com\/","name":"Stephan Sax Mental Performance ApS","description":"Mental Performance for ledelse, medarbejdere og virksomheder","alternateName":"High Performance","potentialAction":[{"@type":"SearchAction","target":{"@type":"EntryPoint","urlTemplate":"https:\/\/stephan-sax.com\/?s={search_term_string}"},"query-input":{"@type":"PropertyValueSpecification","valueRequired":true,"valueName":"search_term_string"}}],"inLanguage":"de"}]}},"_links":{"self":[{"href":"https:\/\/stephan-sax.com\/de\/wp-json\/wp\/v2\/pages\/3705","targetHints":{"allow":["GET"]}}],"collection":[{"href":"https:\/\/stephan-sax.com\/de\/wp-json\/wp\/v2\/pages"}],"about":[{"href":"https:\/\/stephan-sax.com\/de\/wp-json\/wp\/v2\/types\/page"}],"author":[{"embeddable":true,"href":"https:\/\/stephan-sax.com\/de\/wp-json\/wp\/v2\/users\/1"}],"replies":[{"embeddable":true,"href":"https:\/\/stephan-sax.com\/de\/wp-json\/wp\/v2\/comments?post=3705"}],"version-history":[{"count":10,"href":"https:\/\/stephan-sax.com\/de\/wp-json\/wp\/v2\/pages\/3705\/revisions"}],"predecessor-version":[{"id":5841,"href":"https:\/\/stephan-sax.com\/de\/wp-json\/wp\/v2\/pages\/3705\/revisions\/5841"}],"wp:attachment":[{"href":"https:\/\/stephan-sax.com\/de\/wp-json\/wp\/v2\/media?parent=3705"}],"curies":[{"name":"wp","href":"https:\/\/api.w.org\/{rel}","templated":true}]}}