{"id":3708,"date":"2024-01-10T10:47:49","date_gmt":"2024-01-10T09:47:49","guid":{"rendered":"https:\/\/stephan-sax.com\/?page_id=3708"},"modified":"2026-05-05T13:55:35","modified_gmt":"2026-05-05T11:55:35","slug":"om-mig","status":"publish","type":"page","link":"https:\/\/stephan-sax.com\/de\/om-mig\/","title":{"rendered":"\u00dcber mich"},"content":{"rendered":"<p>[et_pb_section fb_built=&#8221;1&#8243; admin_label=&#8221;Hero&#8221; _builder_version=&#8221;4.27.4&#8243; _module_preset=&#8221;default&#8221; background_color=&#8221;rgba(255,255,255,0.26)&#8221; background_image=&#8221;https:\/\/stephan-sax.com\/wp-content\/uploads\/2025\/10\/ny-om-mig-SVS.png&#8221; background_blend=&#8221;soft-light&#8221; width=&#8221;100%&#8221; max_width=&#8221;100%&#8221; module_alignment=&#8221;center&#8221; min_height=&#8221;50vh&#8221; height=&#8221;0px&#8221; max_height=&#8221;0px&#8221; custom_margin=&#8221;104px||0px||false|false&#8221; custom_padding=&#8221;0px||0px||true|false&#8221; global_colors_info=&#8221;{}&#8221;][et_pb_row _builder_version=&#8221;4.23.4&#8243; _module_preset=&#8221;default&#8221; background_enable_image=&#8221;off&#8221; positioning=&#8221;absolute&#8221; position_origin_a=&#8221;center_center&#8221; global_colors_info=&#8221;{}&#8221;][et_pb_column type=&#8221;4_4&#8243; _builder_version=&#8221;4.23.4&#8243; _module_preset=&#8221;default&#8221; global_colors_info=&#8221;{}&#8221;][et_pb_heading title=&#8221;Det handler om dig&#8221; _builder_version=&#8221;4.23.4&#8243; _module_preset=&#8221;default&#8221; title_font=&#8221;Montserrat|700|||||||&#8221; title_text_align=&#8221;center&#8221; title_text_color=&#8221;#f1d49f&#8221; title_font_size=&#8221;60px&#8221; title_text_shadow_style=&#8221;preset5&#8243; global_colors_info=&#8221;{}&#8221;][\/et_pb_heading][et_pb_heading title=&#8221;Om mig&#8221; _builder_version=&#8221;4.23.4&#8243; _module_preset=&#8221;default&#8221; title_level=&#8221;h2&#8243; title_font=&#8221;Montserrat|700|on||||||&#8221; title_text_align=&#8221;center&#8221; title_text_color=&#8221;#F1D49F&#8221; title_font_size=&#8221;40px&#8221; background_color=&#8221;RGBA(255,255,255,0)&#8221; title_text_shadow_style=&#8221;preset1&#8243; global_colors_info=&#8221;{}&#8221;][\/et_pb_heading][\/et_pb_column][\/et_pb_row][\/et_pb_section][et_pb_section fb_built=&#8221;1&#8243; admin_label=&#8221;About&#8221; _builder_version=&#8221;4.23.4&#8243; _module_preset=&#8221;default&#8221; background_color=&#8221;gcid-d6459956-ddd4-4d69-bdb5-600ea1a00c68&#8243; background_image=&#8221;https:\/\/stephan-sax.com\/wp-content\/uploads\/2024\/01\/therapy-29.png&#8221; background_size=&#8221;initial&#8221; background_position=&#8221;center_right&#8221; custom_padding=&#8221;||4vw||false|false&#8221; collapsed=&#8221;on&#8221; global_colors_info=&#8221;{%22gcid-d6459956-ddd4-4d69-bdb5-600ea1a00c68%22:%91%22background_color%22%93}&#8221;][et_pb_row _builder_version=&#8221;4.23.4&#8243; _module_preset=&#8221;default&#8221; global_colors_info=&#8221;{}&#8221;][et_pb_column type=&#8221;4_4&#8243; _builder_version=&#8221;4.23.4&#8243; _module_preset=&#8221;default&#8221; global_colors_info=&#8221;{}&#8221;][et_pb_text _builder_version=&#8221;4.23.4&#8243; _module_preset=&#8221;default&#8221; background_color=&#8221;RGBA(255,255,255,0)&#8221; global_colors_info=&#8221;{}&#8221;]<\/p>\n<h2 data-start=\"256\" data-end=\"285\"><strong>Mein Name ist Stephan Sax<\/strong><\/h2>\n<p data-start=\"287\" data-end=\"460\" class=\"translation-block\">Ich bin zertifizierter Business- und Life-Coach, weitergebildet als PLD-Supervisor und Hypnosetherapeut \u2013 mit Schwerpunkt auf Pers\u00f6nlichkeitsentwicklung und mentaler Performance.<\/p>\n<p data-start=\"462\" data-end=\"807\" class=\"translation-block\">In D\u00e4nemark arbeite ich haupts\u00e4chlich als Business-Coach und Unternehmensberater mit Spezialisierung auf pers\u00f6nliche Entwicklung in Unternehmen \u2013 sowohl in gr\u00f6\u00dferen Firmen mit bis zu 10 Mitarbeitenden als auch in Handwerksbetrieben wie etwa Elektrikern, Malern, Tischlern, Dachdeckern, Schlossern, Fugenmeistern, Isolierern, L\u00fcftungsinstallateuren und Produktionsunternehmen.<\/p>\n<p data-start=\"809\" data-end=\"1020\">Jeg har mere end <strong data-start=\"826\" data-end=\"853\">35 \u00e5rs erhvervserfaring<\/strong>, heraf <strong data-start=\"861\" data-end=\"896\">over 23 \u00e5r i ledende stillinger<\/strong>. I den tid har jeg hjulpet b\u00e5de medarbejdere og ledere med at skabe resultater gennem <strong data-start=\"983\" data-end=\"1017\">m\u00e5lrettet tr\u00e6ning og udvikling<\/strong>.<\/p>\n<p data-start=\"1022\" data-end=\"1356\" class=\"translation-block\">Meine Karriere begann als Elektriker, und im Laufe der Jahre bildete ich mich weiter zum Elektroinstallateur mit Schwerpunkt Sicherheitstechnik. Sp\u00e4ter leitete ich eine Abteilung im Bereich Sicherheitstechnik \u2013 eine Erfahrung, die mir tiefgehende Einblicke in die t\u00e4glichen Herausforderungen von Handwerksbetrieben gegeben hat, in denen der operative Betrieb oft den gesamten Fokus einnimmt.<\/p>\n<p data-start=\"1358\" data-end=\"1538\" class=\"translation-block\">In den vergangenen viereinhalb Jahren habe ich intensiv mit menschlicher und pers\u00f6nlicher Entwicklung gearbeitet \u2013 sowohl individuell als auch in Organisationen. F\u00fcr mich ist es entscheidend, sich Folgendes bewusst zu machen:<\/p>\n<blockquote data-start=\"1539\" data-end=\"1595\">\n<p data-start=\"1541\" data-end=\"1595\"><strong data-start=\"1541\" data-end=\"1593\">Es ist immer der Mensch, der das Unternehmen erschafft.<\/strong><\/p>\n<\/blockquote>\n<p>[\/et_pb_text][\/et_pb_column][\/et_pb_row][et_pb_row _builder_version=&#8221;4.23.4&#8243; _module_preset=&#8221;default&#8221; global_colors_info=&#8221;{}&#8221;][et_pb_column type=&#8221;4_4&#8243; _builder_version=&#8221;4.23.4&#8243; _module_preset=&#8221;default&#8221; global_colors_info=&#8221;{}&#8221;][et_pb_text _builder_version=&#8221;4.23.4&#8243; _module_preset=&#8221;default&#8221; background_color=&#8221;RGBA(255,255,255,0)&#8221; global_colors_info=&#8221;{}&#8221;]<\/p>\n<h2 data-start=\"321\" data-end=\"349\"><strong>Der Hintergrund von Stephan<\/strong><\/h2>\n<p data-start=\"351\" data-end=\"615\" class=\"translation-block\">Ich wurde im Oktober 1971 in Berlin (West) geboren. Als Kind verbrachte ich viele meiner Sommerferien auf einem Bauernhof in D\u00e4nemark zusammen mit meiner Familie \u2013 und ich liebte das einfache Leben auf dem Land. Diese Erlebnisse gaben mir schon fr\u00fch eine warme und nat\u00fcrliche Verbindung zu D\u00e4nemark.<\/p>\n<p data-start=\"617\" data-end=\"864\" class=\"translation-block\">Heute lebe ich in Kolding zusammen mit meiner d\u00e4nischen Ehefrau und unseren drei wunderbaren Kindern. Das Leben \u2013 und auch mein Beruf \u2013 haben mir sowohl Herausforderungen als auch gro\u00dfe Chancen geboten. Jede einzelne Erfahrung hat mich gepr\u00e4gt und mir geholfen, mich als Mensch weiterzuentwickeln.<\/p>\n<p data-start=\"866\" data-end=\"1142\" class=\"translation-block\">Aber erst, als ich begann, mir selbst die Frage \u201eWarum?\u201c zu stellen, ver\u00e4nderte sich alles wirklich.\nFr\u00fcher wurde ich von falschen \u00dcberzeugungen zur\u00fcckgehalten \u2013 Denkmustern, von denen ich glaubte, sie seien wahr.\nHeute sind sie durch positive und bewusste Entscheidungen ersetzt worden.<\/p>\n<p data-start=\"1144\" data-end=\"1413\" class=\"translation-block\">Eine der wichtigsten Erkenntnisse in meinem Leben kam, als ich meine inneren Antriebskr\u00e4fte verstand. Fr\u00fcher handelte ich meist aus Emotionen heraus und w\u00e4hlte oft den einfachen Weg. Heute lebe ich im Einklang mit meiner inneren Motivation und sp\u00fcre eine tiefe Zufriedenheit in dem, was ich tue.<\/p>\n<p data-start=\"1415\" data-end=\"1532\" class=\"translation-block\">Ich kenne meine St\u00e4rken, lebe sie jeden Tag, und das sp\u00fcrt man \u2013 sowohl ich selbst als auch die Menschen, denen ich begegne.<\/p>\n<blockquote data-start=\"1534\" data-end=\"1653\">\n<p data-start=\"1536\" data-end=\"1653\"><strong data-start=\"1536\" data-end=\"1554\">Probier es selbst aus.<\/strong><br data-start=\"1554\" data-end=\"1557\" \/>Erlebe, wie sich Ver\u00e4nderung anf\u00fchlt \u2013 wenn du mich Teil deiner Entwicklungsreise sein l\u00e4sst.<\/p>\n<\/blockquote>\n<p>[\/et_pb_text][\/et_pb_column][\/et_pb_row][\/et_pb_section][et_pb_section fb_built=&#8221;1&#8243; _builder_version=&#8221;4.27.4&#8243; _module_preset=&#8221;default&#8221; background_color=&#8221;#F2D6B5&#8243; global_colors_info=&#8221;{}&#8221; locked=&#8221;off&#8221;][et_pb_row column_structure=&#8221;1_2,1_2&#8243; _builder_version=&#8221;4.27.4&#8243; _module_preset=&#8221;default&#8221; global_colors_info=&#8221;{}&#8221;][et_pb_column type=&#8221;1_2&#8243; _builder_version=&#8221;4.27.4&#8243; _module_preset=&#8221;default&#8221; global_colors_info=&#8221;{}&#8221;][et_pb_text _builder_version=&#8221;4.27.4&#8243; _module_preset=&#8221;default&#8221; text_text_color=&#8221;#402223&#8243; background_color=&#8221;RGBA(255,255,255,0)&#8221; custom_margin=&#8221;||98px|||&#8221; locked=&#8221;off&#8221; global_colors_info=&#8221;{}&#8221;]<\/p>\n<h1 data-section-id=\"19p4su7\" data-start=\"240\" data-end=\"258\"><strong>Jeg er s\u00f8gende<\/strong><\/h1>\n<h2 data-section-id=\"1di92qo\" data-start=\"259\" data-end=\"282\"><em data-start=\"262\" data-end=\"282\">Es geht um dich<\/em><\/h2>\n<p data-start=\"284\" data-end=\"380\">Denne bog er ikke skrevet for at give svar.<br data-start=\"327\" data-end=\"330\" \/>Den er skrevet for at stille de rigtige sp\u00f8rgsm\u00e5l.<\/p>\n<p data-start=\"382\" data-end=\"562\"><em data-start=\"382\" data-end=\"419\">Jeg er s\u00f8gende \u2013 Det handler om dig<\/em> er en personlig og \u00e6rlig bog om tvivl, s\u00f8gen og det \u00f8jeblik, hvor man stopper med at leve p\u00e5 autopilot og begynder at tage sig selv alvorligt.<\/p>\n<p data-start=\"564\" data-end=\"691\">Det er ikke en bog, der fort\u00e6ller dig, hvem du skal v\u00e6re.<br data-start=\"621\" data-end=\"624\" \/>Det er en bog, der inviterer dig til at m\u00e6rke, hvem du allerede er.<\/p>\n<p>[\/et_pb_text][et_pb_button button_url=&#8221;https:\/\/www.amazon.de\/-\/da\/Jeg-s%C3%B8gende-handler-Rejsen-selv\/dp\/B0GCX1R5WT\/ref=sr_1_2?crid=36QR88DZ8ASZN&#038;dib=eyJ2IjoiMSJ9.XE_lPevhGgiTSnFhf9fdPVSp5XCGw3TubExq24pYbR-jCH1kSIQmACm4drkZpdjAkJyxuMk8X26jA_B72DrxeaC9WQJbYdA878K9auviYyfOxaGxBFs0kOPpYe2ir0uzKD_Q8j4pGWJzebRk_Fw6GHChroxIePeILZjfMqczFT7aujqhm0H-pTxiJiHuJ-8k05XT1YUOXUF8kwXi9bNbUfV-um9-CmMbbtVtSyrrL9k.QFalodgBTwA7h9dT_J24SnsCMQF-wqn6I34hGFN1aGU&#038;dib_tag=se&#038;keywords=stephan+sax&#038;qid=1771598381&#038;sprefix=%2Caps%2C95&#038;sr=8-2&#8243; button_text=&#8221;Du kan k\u00f8be bogen her&#8221; button_alignment=&#8221;center&#8221; button_alignment_tablet=&#8221;&#8221; button_alignment_phone=&#8221;center&#8221; button_alignment_last_edited=&#8221;on|phone&#8221; module_id=&#8221;bigger-icon&#8221; _builder_version=&#8221;4.27.4&#8243; _module_preset=&#8221;3117bc07-6a8a-4679-b3bb-b6ed74b48a2f&#8221; custom_button=&#8221;on&#8221; button_text_size=&#8221;16px&#8221; button_text_color=&#8221;#402223&#8243; button_bg_color=&#8221;#F1CC65&#8243; button_border_width=&#8221;0px&#8221; button_border_color=&#8221;#2E5B61&#8243; button_border_radius=&#8221;50px&#8221; button_font=&#8221;Verdana|600|||||||&#8221; custom_padding=&#8221;20px|40px|20px|40px|true|true&#8221; animation_style=&#8221;fade&#8221; locked=&#8221;off&#8221; global_colors_info=&#8221;{}&#8221; custom_css_after__hover_enabled=&#8221;on|hover&#8221;][\/et_pb_button][et_pb_button button_url=&#8221;https:\/\/stephan-sax.com\/min-bog-jeg-er-soegende\/?et_fb=1&#038;PageSpeed=off&#8221; button_text=&#8221;L\u00e6s mere om bogen&#8221; button_alignment=&#8221;center&#8221; button_alignment_tablet=&#8221;&#8221; button_alignment_phone=&#8221;center&#8221; button_alignment_last_edited=&#8221;on|phone&#8221; module_id=&#8221;bigger-icon&#8221; _builder_version=&#8221;4.27.4&#8243; _module_preset=&#8221;3117bc07-6a8a-4679-b3bb-b6ed74b48a2f&#8221; custom_button=&#8221;on&#8221; button_text_size=&#8221;16px&#8221; button_text_color=&#8221;#402223&#8243; button_bg_color=&#8221;#F1CC65&#8243; button_border_width=&#8221;0px&#8221; button_border_color=&#8221;#2E5B61&#8243; button_border_radius=&#8221;50px&#8221; button_font=&#8221;Verdana|600|||||||&#8221; custom_padding=&#8221;20px|40px|20px|40px|true|true&#8221; animation_style=&#8221;fade&#8221; locked=&#8221;off&#8221; global_colors_info=&#8221;{}&#8221; custom_css_after__hover_enabled=&#8221;on|hover&#8221;][\/et_pb_button][\/et_pb_column][et_pb_column type=&#8221;1_2&#8243; _builder_version=&#8221;4.27.4&#8243; _module_preset=&#8221;default&#8221; global_colors_info=&#8221;{}&#8221;][et_pb_image src=&#8221;https:\/\/stephan-sax.com\/wp-content\/uploads\/2026\/02\/Screenshot_20260103_155617_ChatGPT.jpg&#8221; alt=&#8221;Tydeligere autoritet end 25.&#8221; title_text=&#8221;Tydeligere autoritet end 25.&#8221; _builder_version=&#8221;4.27.4&#8243; _module_preset=&#8221;default&#8221; global_colors_info=&#8221;{}&#8221;][\/et_pb_image][\/et_pb_column][\/et_pb_row][\/et_pb_section][et_pb_section fb_built=&#8221;1&#8243; admin_label=&#8221;Approach&#8221; _builder_version=&#8221;4.23.4&#8243; _module_preset=&#8221;default&#8221; background_color=&#8221;gcid-66f9f69b-6556-4946-9204-f9517965e6d7&#8243; collapsed=&#8221;on&#8221; global_colors_info=&#8221;{%22gcid-66f9f69b-6556-4946-9204-f9517965e6d7%22:%91%22background_color%22%93}&#8221;][et_pb_row custom_padding_last_edited=&#8221;on|phone&#8221; _builder_version=&#8221;4.23.4&#8243; _module_preset=&#8221;default&#8221; background_color=&#8221;RGBA(255,255,255,0)&#8221; background_enable_image=&#8221;off&#8221; custom_margin_tablet=&#8221;&#8221; custom_margin_phone=&#8221;||||false|false&#8221; custom_margin_last_edited=&#8221;on|phone&#8221; custom_padding_tablet=&#8221;&#8221; custom_padding_phone=&#8221;||0px||false|false&#8221; global_colors_info=&#8221;{}&#8221;][et_pb_column type=&#8221;4_4&#8243; _builder_version=&#8221;4.17.1&#8243; _module_preset=&#8221;default&#8221; global_colors_info=&#8221;{}&#8221;][et_pb_text _builder_version=&#8221;4.23.4&#8243; _module_preset=&#8221;b327cbe4-b1d5-4b66-ad37-40c8f2f061ba&#8221; header_2_font=&#8221;Montserrat|700|||||||&#8221; header_2_text_color=&#8221;gcid-19bbc18a-d675-468e-b698-c02b0befe0e2&#8243; header_2_font_size=&#8221;60px&#8221; header_2_line_height=&#8221;1.2em&#8221; background_color=&#8221;RGBA(255,255,255,0)&#8221; text_orientation=&#8221;center&#8221; custom_margin=&#8221;||0px||false|false&#8221; header_2_text_align_last_edited=&#8221;off|phone&#8221; header_2_font_size_tablet=&#8221;32px&#8221; header_2_font_size_phone=&#8221;26px&#8221; header_2_font_size_last_edited=&#8221;on|tablet&#8221; global_colors_info=&#8221;{%22gcid-19bbc18a-d675-468e-b698-c02b0befe0e2%22:%91%22header_2_text_color%22%93}&#8221;]<\/p>\n<h2>Mein Weg zum Coaching<\/h2>\n<p>[\/et_pb_text][\/et_pb_column][\/et_pb_row][et_pb_row _builder_version=&#8221;4.23.4&#8243; _module_preset=&#8221;default&#8221; background_enable_image=&#8221;off&#8221; parallax=&#8221;off&#8221; global_colors_info=&#8221;{}&#8221;][et_pb_column type=&#8221;4_4&#8243; _builder_version=&#8221;4.17.1&#8243; _module_preset=&#8221;default&#8221; global_colors_info=&#8221;{}&#8221;][et_pb_text _builder_version=&#8221;4.23.4&#8243; _module_preset=&#8221;1f09816e-184e-4ce5-a4cf-b39c52c423ca&#8221; text_font=&#8221;Verdana||||||||&#8221; text_text_color=&#8221;gcid-19bbc18a-d675-468e-b698-c02b0befe0e2&#8243; text_font_size=&#8221;18px&#8221; text_line_height=&#8221;2em&#8221; background_color=&#8221;RGBA(255,255,255,0)&#8221; text_font_size_tablet=&#8221;16px&#8221; text_font_size_phone=&#8221;14px&#8221; text_font_size_last_edited=&#8221;on|tablet&#8221; header_font_size_tablet=&#8221;55px&#8221; header_font_size_last_edited=&#8221;off|desktop&#8221; global_colors_info=&#8221;{%22gcid-19bbc18a-d675-468e-b698-c02b0befe0e2%22:%91%22text_text_color%22%93}&#8221;]<\/p>\n<p data-start=\"395\" data-end=\"761\" class=\"translation-block\">Es gab eine Zeit, in der ich mein Leben nicht \u00fcberblicken konnte.\nIch hatte das Gef\u00fchl, dass alle anderen Einfluss darauf hatten, dass mir das, was ich mir vorgenommen hatte, nicht gelang.\nIch f\u00fchlte mich gefangen, ohne zu verstehen, warum.\nIch kannte mich selbst einfach nicht \u2013 ich war mir meiner eigenen Gef\u00fchle nicht bewusst und richtete deshalb meinen Fokus auf alle anderen statt auf mich selbst.<\/p>\n<p data-start=\"763\" data-end=\"942\" class=\"translation-block\">Ich suchte nach Erkl\u00e4rungen und Schuld au\u00dferhalb von mir \u2013 und das f\u00fchrte nur zu mehr Missverst\u00e4ndnissen, Frustrationen und Distanz.\nSowohl in der Beziehung zu mir selbst als auch zu anderen Menschen.<\/p>\n<p data-start=\"944\" data-end=\"1195\" class=\"translation-block\">Warum?\nWeil ich blockierte Gef\u00fchle, eine innere Angst und ein Bed\u00fcrfnis nach Anerkennung in mir trug, das ich als Kind nicht bekommen hatte.\nIch steckte in einem Hamsterrad, in dem ich versuchte, meinen Wert durch Leistung zu beweisen \u2013 ohne mich selbst zu sp\u00fcren.<\/p>\n<p data-start=\"1197\" data-end=\"1324\" class=\"translation-block\">Der Wendepunkt, der alles ver\u00e4nderte, kam dank meiner Ehefrau.\nNachdem ich 16 Mal den Job gewechselt hatte, sagte sie liebevoll:<\/p>\n<blockquote data-start=\"1325\" data-end=\"1393\">\n<p data-start=\"1327\" data-end=\"1393\">\u201eVielleicht liegt es nicht an den anderen \u2013 vielleicht liegt es an dir.\u201c<\/p>\n<\/blockquote>\n<p data-start=\"1395\" data-end=\"1824\" class=\"translation-block\">Das wurde der Beginn eines ganz neuen Kapitels in meinem Leben.\nIch begann ein Coaching-Programm, in dem ich zum ersten Mal mich selbst und meine St\u00e4rken kennenlernte \u2013 durch ein Energiemodell, das alles viel klarer machte.\nDa wurde mir bewusst, dass ich eigentlich schon immer Coach gewesen bin.\nIn all meinen bisherigen T\u00e4tigkeiten \u2013 als Abteilungsleiter, Vertriebsleiter und Ausbilder \u2013 habe ich mit Menschen gearbeitet, sie unterst\u00fctzt und ihnen geholfen, sich weiterzuentwickeln.<\/p>\n<p data-start=\"1826\" data-end=\"2038\" class=\"translation-block\">Heute arbeite ich als Business- und Life-Coach mit Sitz in Kolding.\nIch habe eine zweieinhalbj\u00e4hrige Coaching-Ausbildung in Hamburg absolviert, bin ausgebildeter PLD-Supervisor und befinde mich derzeit in der Weiterbildung zum Hypnosetherapeuten.<\/p>\n<p data-start=\"2040\" data-end=\"2107\" class=\"translation-block\">Meine Arbeit ist nicht nur ein Beruf \u2013 sie ist zu meiner Berufung geworden.<\/p>\n<p>[\/et_pb_text][\/et_pb_column][\/et_pb_row][\/et_pb_section]<\/p>","protected":false},"excerpt":{"rendered":"<p>Mit navn er Stephan Sax Jeg er certificeret business- og life-coach, efteruddannet som PLD-supervisor og hypnoseterapeut med fokus p\u00e5 personlighedsudvikling og mental performance. I Danmark arbejder jeg prim\u00e6rt som erhvervscoach og erhvervskonsulent med speciale i personlig udvikling i virksomheder \u2013 b\u00e5de i st\u00f8rre firmaer med op til 10 medarbejdere og i h\u00e5ndv\u00e6rksvirksomheder som fx elektrikere, [&hellip;]<\/p>","protected":false},"author":1,"featured_media":0,"parent":0,"menu_order":0,"comment_status":"closed","ping_status":"closed","template":"","meta":{"_et_pb_use_builder":"on","_et_pb_old_content":"<!-- wp:divi\/placeholder \/-->","_et_gb_content_width":"","footnotes":""},"class_list":["post-3708","page","type-page","status-publish","hentry"],"yoast_head":"<!-- This site is optimized with the Yoast SEO plugin v27.6 - https:\/\/yoast.com\/product\/yoast-seo-wordpress\/ -->\n<title>Om mig | Stephan Sax Coaching<\/title>\n<meta name=\"description\" content=\"L\u00e6r Stephan Sax at kende \u2013 erfaren coach, PLD-supervisor og hypnoseterapeut. Over 34 \u00e5rs erhvervserfaring og passion for personlighedsudvikling i Danmark.\" \/>\n<meta name=\"robots\" content=\"index, follow, max-snippet:-1, max-image-preview:large, max-video-preview:-1\" \/>\n<link rel=\"canonical\" href=\"https:\/\/stephan-sax.com\/de\/om-mig\/\" \/>\n<meta property=\"og:locale\" content=\"de_DE\" \/>\n<meta property=\"og:type\" content=\"article\" \/>\n<meta property=\"og:title\" content=\"Om mig | Stephan Sax Coaching\" \/>\n<meta property=\"og:description\" content=\"L\u00e6r Stephan Sax at kende \u2013 erfaren coach, PLD-supervisor og hypnoseterapeut. Over 34 \u00e5rs erhvervserfaring og passion for personlighedsudvikling i Danmark.\" \/>\n<meta property=\"og:url\" content=\"https:\/\/stephan-sax.com\/de\/om-mig\/\" \/>\n<meta property=\"og:site_name\" content=\"Stephan Sax Mental Performance ApS\" \/>\n<meta property=\"article:publisher\" content=\"https:\/\/www.facebook.com\/profile.php?id=100068816122387\" \/>\n<meta property=\"article:modified_time\" content=\"2026-05-05T11:55:35+00:00\" \/>\n<meta name=\"twitter:card\" content=\"summary_large_image\" \/>\n<meta name=\"twitter:label1\" content=\"Gesch\u00e4tzte Lesezeit\" \/>\n\t<meta name=\"twitter:data1\" content=\"3\u00a0Minuten\" \/>\n<script type=\"application\/ld+json\" class=\"yoast-schema-graph\">{\"@context\":\"https:\\\/\\\/schema.org\",\"@graph\":[{\"@type\":\"WebPage\",\"@id\":\"https:\\\/\\\/stephan-sax.com\\\/om-mig\\\/\",\"url\":\"https:\\\/\\\/stephan-sax.com\\\/om-mig\\\/\",\"name\":\"Om mig | Stephan Sax Coaching\",\"isPartOf\":{\"@id\":\"https:\\\/\\\/stephan-sax.com\\\/#website\"},\"datePublished\":\"2024-01-10T09:47:49+00:00\",\"dateModified\":\"2026-05-05T11:55:35+00:00\",\"description\":\"L\u00e6r Stephan Sax at kende \u2013 erfaren coach, PLD-supervisor og hypnoseterapeut. Over 34 \u00e5rs erhvervserfaring og passion for personlighedsudvikling i Danmark.\",\"breadcrumb\":{\"@id\":\"https:\\\/\\\/stephan-sax.com\\\/om-mig\\\/#breadcrumb\"},\"inLanguage\":\"de\",\"potentialAction\":[{\"@type\":\"ReadAction\",\"target\":[\"https:\\\/\\\/stephan-sax.com\\\/om-mig\\\/\"]}]},{\"@type\":\"BreadcrumbList\",\"@id\":\"https:\\\/\\\/stephan-sax.com\\\/om-mig\\\/#breadcrumb\",\"itemListElement\":[{\"@type\":\"ListItem\",\"position\":1,\"name\":\"Startseite\",\"item\":\"https:\\\/\\\/stephan-sax.com\\\/\"},{\"@type\":\"ListItem\",\"position\":2,\"name\":\"Om mig\"}]},{\"@type\":\"WebSite\",\"@id\":\"https:\\\/\\\/stephan-sax.com\\\/#website\",\"url\":\"https:\\\/\\\/stephan-sax.com\\\/\",\"name\":\"Stephan Sax Mental Performance ApS\",\"description\":\"Mental Performance for ledelse, medarbejdere og virksomheder\",\"alternateName\":\"High Performance\",\"potentialAction\":[{\"@type\":\"SearchAction\",\"target\":{\"@type\":\"EntryPoint\",\"urlTemplate\":\"https:\\\/\\\/stephan-sax.com\\\/?s={search_term_string}\"},\"query-input\":{\"@type\":\"PropertyValueSpecification\",\"valueRequired\":true,\"valueName\":\"search_term_string\"}}],\"inLanguage\":\"de\"}]}<\/script>\n<!-- \/ Yoast SEO plugin. -->","yoast_head_json":{"title":"Om mig | Stephan Sax Coaching","description":"L\u00e6r Stephan Sax at kende \u2013 erfaren coach, PLD-supervisor og hypnoseterapeut. Over 34 \u00e5rs erhvervserfaring og passion for personlighedsudvikling i Danmark.","robots":{"index":"index","follow":"follow","max-snippet":"max-snippet:-1","max-image-preview":"max-image-preview:large","max-video-preview":"max-video-preview:-1"},"canonical":"https:\/\/stephan-sax.com\/de\/om-mig\/","og_locale":"de_DE","og_type":"article","og_title":"Om mig | Stephan Sax Coaching","og_description":"L\u00e6r Stephan Sax at kende \u2013 erfaren coach, PLD-supervisor og hypnoseterapeut. Over 34 \u00e5rs erhvervserfaring og passion for personlighedsudvikling i Danmark.","og_url":"https:\/\/stephan-sax.com\/de\/om-mig\/","og_site_name":"Stephan Sax Mental Performance ApS","article_publisher":"https:\/\/www.facebook.com\/profile.php?id=100068816122387","article_modified_time":"2026-05-05T11:55:35+00:00","twitter_card":"summary_large_image","twitter_misc":{"Gesch\u00e4tzte Lesezeit":"3\u00a0Minuten"},"schema":{"@context":"https:\/\/schema.org","@graph":[{"@type":"WebPage","@id":"https:\/\/stephan-sax.com\/om-mig\/","url":"https:\/\/stephan-sax.com\/om-mig\/","name":"Om mig | Stephan Sax Coaching","isPartOf":{"@id":"https:\/\/stephan-sax.com\/#website"},"datePublished":"2024-01-10T09:47:49+00:00","dateModified":"2026-05-05T11:55:35+00:00","description":"L\u00e6r Stephan Sax at kende \u2013 erfaren coach, PLD-supervisor og hypnoseterapeut. Over 34 \u00e5rs erhvervserfaring og passion for personlighedsudvikling i Danmark.","breadcrumb":{"@id":"https:\/\/stephan-sax.com\/om-mig\/#breadcrumb"},"inLanguage":"de","potentialAction":[{"@type":"ReadAction","target":["https:\/\/stephan-sax.com\/om-mig\/"]}]},{"@type":"BreadcrumbList","@id":"https:\/\/stephan-sax.com\/om-mig\/#breadcrumb","itemListElement":[{"@type":"ListItem","position":1,"name":"Startseite","item":"https:\/\/stephan-sax.com\/"},{"@type":"ListItem","position":2,"name":"Om mig"}]},{"@type":"WebSite","@id":"https:\/\/stephan-sax.com\/#website","url":"https:\/\/stephan-sax.com\/","name":"Stephan Sax Mental Performance ApS","description":"Mental Performance for ledelse, medarbejdere og virksomheder","alternateName":"High Performance","potentialAction":[{"@type":"SearchAction","target":{"@type":"EntryPoint","urlTemplate":"https:\/\/stephan-sax.com\/?s={search_term_string}"},"query-input":{"@type":"PropertyValueSpecification","valueRequired":true,"valueName":"search_term_string"}}],"inLanguage":"de"}]}},"_links":{"self":[{"href":"https:\/\/stephan-sax.com\/de\/wp-json\/wp\/v2\/pages\/3708","targetHints":{"allow":["GET"]}}],"collection":[{"href":"https:\/\/stephan-sax.com\/de\/wp-json\/wp\/v2\/pages"}],"about":[{"href":"https:\/\/stephan-sax.com\/de\/wp-json\/wp\/v2\/types\/page"}],"author":[{"embeddable":true,"href":"https:\/\/stephan-sax.com\/de\/wp-json\/wp\/v2\/users\/1"}],"replies":[{"embeddable":true,"href":"https:\/\/stephan-sax.com\/de\/wp-json\/wp\/v2\/comments?post=3708"}],"version-history":[{"count":9,"href":"https:\/\/stephan-sax.com\/de\/wp-json\/wp\/v2\/pages\/3708\/revisions"}],"predecessor-version":[{"id":6021,"href":"https:\/\/stephan-sax.com\/de\/wp-json\/wp\/v2\/pages\/3708\/revisions\/6021"}],"wp:attachment":[{"href":"https:\/\/stephan-sax.com\/de\/wp-json\/wp\/v2\/media?parent=3708"}],"curies":[{"name":"wp","href":"https:\/\/api.w.org\/{rel}","templated":true}]}}