{"id":4253,"date":"2024-01-30T13:13:55","date_gmt":"2024-01-30T12:13:55","guid":{"rendered":"https:\/\/stephan-sax.com\/?page_id=4253"},"modified":"2026-04-13T15:51:10","modified_gmt":"2026-04-13T13:51:10","slug":"kontakt","status":"publish","type":"page","link":"https:\/\/stephan-sax.com\/de\/kontakt\/","title":{"rendered":"Kontakt"},"content":{"rendered":"<p>[et_pb_section fb_built=&#8221;1&#8243; admin_label=&#8221;Hero&#8221; _builder_version=&#8221;4.23.4&#8243; _module_preset=&#8221;default&#8221; background_color=&#8221;rgba(255,255,255,0.26)&#8221; background_image=&#8221;https:\/\/stephan-sax.com\/wp-content\/uploads\/2025\/05\/Solen-og-stranden.jpg&#8221; background_blend=&#8221;soft-light&#8221; width=&#8221;100%&#8221; max_width=&#8221;100%&#8221; module_alignment=&#8221;center&#8221; min_height=&#8221;50vh&#8221; height=&#8221;0px&#8221; max_height=&#8221;0px&#8221; custom_margin=&#8221;104px||0px||false|false&#8221; custom_padding=&#8221;0px||0px||true|false&#8221; hover_enabled=&#8221;0&#8243; global_colors_info=&#8221;{}&#8221; sticky_enabled=&#8221;0&#8243; locked=&#8221;off&#8221;][et_pb_row _builder_version=&#8221;4.23.4&#8243; _module_preset=&#8221;default&#8221; background_enable_image=&#8221;off&#8221; positioning=&#8221;absolute&#8221; position_origin_a=&#8221;center_center&#8221; global_colors_info=&#8221;{}&#8221;][et_pb_column type=&#8221;4_4&#8243; _builder_version=&#8221;4.23.4&#8243; _module_preset=&#8221;default&#8221; global_colors_info=&#8221;{}&#8221;][et_pb_heading title=&#8221;Kontakt&#8221; _builder_version=&#8221;4.27.4&#8243; _module_preset=&#8221;default&#8221; title_font=&#8221;Montserrat|700|||||||&#8221; title_text_align=&#8221;center&#8221; title_text_color=&#8221;#f1d49f&#8221; title_font_size=&#8221;60px&#8221; min_height=&#8221;101px&#8221; custom_padding=&#8221;63px||27px|||&#8221; hover_enabled=&#8221;0&#8243; title_text_shadow_style=&#8221;preset5&#8243; global_colors_info=&#8221;{}&#8221; sticky_enabled=&#8221;0&#8243;][\/et_pb_heading][et_pb_heading title=&#8221;Det handler om dig&#8221; module_id=&#8221;UnderTekst&#8221; _builder_version=&#8221;4.27.4&#8243; _module_preset=&#8221;default&#8221; title_level=&#8221;h2&#8243; title_font=&#8221;Montserrat|700|on||||||&#8221; title_text_align=&#8221;center&#8221; title_text_color=&#8221;#F1D49F&#8221; title_font_size=&#8221;50px&#8221; background_color=&#8221;RGBA(255,255,255,0)&#8221; title_font_size_tablet=&#8221;43px&#8221; title_font_size_phone=&#8221;32px&#8221; title_font_size_last_edited=&#8221;on|desktop&#8221; title_text_shadow_style=&#8221;preset1&#8243; locked=&#8221;off&#8221; global_colors_info=&#8221;{}&#8221;][\/et_pb_heading][\/et_pb_column][\/et_pb_row][\/et_pb_section][et_pb_section fb_built=&#8221;1&#8243; _builder_version=&#8221;4.23.4&#8243; _module_preset=&#8221;default&#8221; background_color=&#8221;gcid-68012f2c-c0fc-4fb6-b630-e3dd8901be5f&#8221; custom_margin=&#8221;-10px||||false|false&#8221; global_colors_info=&#8221;{%22gcid-68012f2c-c0fc-4fb6-b630-e3dd8901be5f%22:%91%22background_color%22%93}&#8221;][et_pb_row column_structure=&#8221;3_5,2_5&#8243; _builder_version=&#8221;4.27.4&#8243; _module_preset=&#8221;default&#8221; custom_margin=&#8221;|auto|-74px|auto||&#8221; global_colors_info=&#8221;{}&#8221;][et_pb_column type=&#8221;3_5&#8243; _builder_version=&#8221;4.27.4&#8243; _module_preset=&#8221;default&#8221; global_colors_info=&#8221;{}&#8221;][et_pb_text _builder_version=&#8221;4.27.4&#8243; _module_preset=&#8221;default&#8221; background_color=&#8221;RGBA(255,255,255,0)&#8221; custom_padding=&#8221;||0px|||&#8221; global_colors_info=&#8221;{}&#8221;]<\/p>\n<h1 data-start=\"299\" data-end=\"333\"><strong>Buche dein erstes Gespr\u00e4ch mit mir.<\/strong><\/h1>\n<p><strong><\/strong><\/p>\n<p data-start=\"335\" data-end=\"451\">Wenn du bereits an einem meiner Programme teilnimmst, vereinbaren wir selbstverst\u00e4ndlich unser n\u00e4chstes Treffen direkt, wenn wir miteinander sprechen.<\/p>\n<p data-start=\"453\" data-end=\"634\" class=\"translation-block\">Wenn du neu bist und gerne Kontakt mit mir aufnehmen m\u00f6chtest, hast du die M\u00f6glichkeit, hier in meinem Kalender einen Termin zu buchen.\nDas Gespr\u00e4ch dauert ca. 60 Minuten und ist vollkommen unverbindlich.<\/p>\n<p data-start=\"636\" data-end=\"753\">Es ist deine M\u00f6glichkeit, mich kennenzulernen und gleichzeitig mir zu erm\u00f6glichen zu verstehen, wo du oder dein Unternehmen aktuell steht.<\/p>\n<p data-start=\"1754\" data-end=\"1830\">\n<p>[\/et_pb_text][\/et_pb_column][et_pb_column type=&#8221;2_5&#8243; _builder_version=&#8221;4.27.4&#8243; _module_preset=&#8221;default&#8221; global_colors_info=&#8221;{}&#8221;][et_pb_image src=&#8221;https:\/\/stephan-sax.com\/wp-content\/uploads\/2025\/10\/IMG_2655-scaled.jpg&#8221; title_text=&#8221;IMG_2655&#8243; _builder_version=&#8221;4.27.4&#8243; _module_preset=&#8221;default&#8221; global_colors_info=&#8221;{}&#8221;][\/et_pb_image][\/et_pb_column][\/et_pb_row][et_pb_row _builder_version=&#8221;4.27.4&#8243; _module_preset=&#8221;default&#8221; global_colors_info=&#8221;{}&#8221;][et_pb_column type=&#8221;4_4&#8243; _builder_version=&#8221;4.27.4&#8243; _module_preset=&#8221;default&#8221; global_colors_info=&#8221;{}&#8221;][et_pb_text _builder_version=&#8221;4.27.4&#8243; _module_preset=&#8221;default&#8221; background_color=&#8221;RGBA(255,255,255,0)&#8221; min_height=&#8221;219.6px&#8221; custom_padding=&#8221;8px|||||&#8221; global_colors_info=&#8221;{}&#8221;]<\/p>\n<p data-start=\"1377\" data-end=\"1514\" class=\"translation-block\">Hier im Kalender kannst du nur <strong>ein unverbindliches Gespr\u00e4ch mit mir buchen<\/strong>.<\/p>\n<p data-start=\"1516\" data-end=\"1628\" class=\"translation-block\">Weitere Informationen findest du jederzeit in meinem <strong>Newsletter<\/strong>, <strong>hier auf der Website<\/strong> oder <strong>direkt bei mir im B\u00fcro<\/strong>.<\/p>\n<p data-start=\"1630\" data-end=\"1752\" class=\"translation-block\">Du musst nichts vorbereiten, komm einfach mit deiner Neugier und deiner Lust auf Entwicklung.<br>Ich freue mich darauf, dich kennenzulernen.<\/p>\n<p data-start=\"1754\" data-end=\"1830\" class=\"translation-block\">Mit besten Gr\u00fc\u00dfen<br data-start=\"1771\" data-end=\"1774\"><strong data-start=\"1774\" data-end=\"1789\">Stephan Sax<\/strong><br data-start=\"1789\" data-end=\"1792\"><em data-start=\"1792\" data-end=\"1828\">Stephan Sax Mental Performance ApS<\/em><\/p>\n<p>[\/et_pb_text][\/et_pb_column][\/et_pb_row][et_pb_row _builder_version=&#8221;4.27.4&#8243; _module_preset=&#8221;default&#8221; global_colors_info=&#8221;{}&#8221;][et_pb_column type=&#8221;4_4&#8243; _builder_version=&#8221;4.27.4&#8243; _module_preset=&#8221;default&#8221; global_colors_info=&#8221;{}&#8221;][et_pb_code _builder_version=&#8221;4.27.4&#8243; _module_preset=&#8221;default&#8221; global_colors_info=&#8221;{}&#8221;]<!-- Calendly inline widget begin --><!-- [et_pb_line_break_holder] --><\/p>\n<div class=\"calendly-inline-widget\" data-url=\"https:\/\/calendly.com\/svs-stephan-sax?background_color=f9eed9&#038;text_color=5c3132&#038;primary_color=f1cc65\" style=\"min-width:320px;height:700px;\"><\/div>\n<p><!-- [et_pb_line_break_holder] --><script type=\"text\/javascript\" src=\"https:\/\/assets.calendly.com\/assets\/external\/widget.js\" async><\/script><!-- [et_pb_line_break_holder] --><!-- Calendly inline widget end -->[\/et_pb_code][\/et_pb_column][\/et_pb_row][\/et_pb_section]<\/p>","protected":false},"excerpt":{"rendered":"<p>Book dit f\u00f8rste m\u00f8de med mig Hvis du allerede er med i et af mine forl\u00f8b, aftaler vi naturligvis vores n\u00e6ste m\u00f8de direkte, n\u00e5r vi taler sammen. Men hvis du er ny og gerne vil i kontakt med mig, har du mulighed for at booke et m\u00f8de her i kalenderen.Samtalen varer ca. 60 minutter og [&hellip;]<\/p>","protected":false},"author":1,"featured_media":0,"parent":0,"menu_order":0,"comment_status":"closed","ping_status":"closed","template":"","meta":{"_et_pb_use_builder":"on","_et_pb_old_content":"","_et_gb_content_width":"","footnotes":""},"class_list":["post-4253","page","type-page","status-publish","hentry"],"yoast_head":"<!-- This site is optimized with the Yoast SEO plugin v27.4 - https:\/\/yoast.com\/product\/yoast-seo-wordpress\/ -->\n<title>Kontakt Stephan Sax Mental Performance<\/title>\n<meta name=\"description\" content=\"Kontakt Stephan Sax Mental Performance for en uforpligtende samtale. Du er vigtig for mig og derfor holde dig ikke tilbage.\" \/>\n<meta name=\"robots\" content=\"index, follow, max-snippet:-1, max-image-preview:large, max-video-preview:-1\" \/>\n<link rel=\"canonical\" href=\"https:\/\/stephan-sax.com\/de\/kontakt\/\" \/>\n<meta property=\"og:locale\" content=\"de_DE\" \/>\n<meta property=\"og:type\" content=\"article\" \/>\n<meta property=\"og:title\" content=\"Kontakt Stephan Sax Mental Performance\" \/>\n<meta property=\"og:description\" content=\"Kontakt Stephan Sax Mental Performance for en uforpligtende samtale. Du er vigtig for mig og derfor holde dig ikke tilbage.\" \/>\n<meta property=\"og:url\" content=\"https:\/\/stephan-sax.com\/de\/kontakt\/\" \/>\n<meta property=\"og:site_name\" content=\"Stephan Sax Mental Performance ApS\" \/>\n<meta property=\"article:publisher\" content=\"https:\/\/www.facebook.com\/profile.php?id=100068816122387\" \/>\n<meta property=\"article:modified_time\" content=\"2026-04-13T13:51:10+00:00\" \/>\n<meta name=\"twitter:card\" content=\"summary_large_image\" \/>\n<meta name=\"twitter:label1\" content=\"Gesch\u00e4tzte Lesezeit\" \/>\n\t<meta name=\"twitter:data1\" content=\"2\u00a0Minuten\" \/>\n<script type=\"application\/ld+json\" class=\"yoast-schema-graph\">{\"@context\":\"https:\\\/\\\/schema.org\",\"@graph\":[{\"@type\":\"WebPage\",\"@id\":\"https:\\\/\\\/stephan-sax.com\\\/kontakt\\\/\",\"url\":\"https:\\\/\\\/stephan-sax.com\\\/kontakt\\\/\",\"name\":\"Kontakt Stephan Sax Mental Performance\",\"isPartOf\":{\"@id\":\"https:\\\/\\\/stephan-sax.com\\\/#website\"},\"datePublished\":\"2024-01-30T12:13:55+00:00\",\"dateModified\":\"2026-04-13T13:51:10+00:00\",\"description\":\"Kontakt Stephan Sax Mental Performance for en uforpligtende samtale. Du er vigtig for mig og derfor holde dig ikke tilbage.\",\"breadcrumb\":{\"@id\":\"https:\\\/\\\/stephan-sax.com\\\/kontakt\\\/#breadcrumb\"},\"inLanguage\":\"de\",\"potentialAction\":[{\"@type\":\"ReadAction\",\"target\":[\"https:\\\/\\\/stephan-sax.com\\\/kontakt\\\/\"]}]},{\"@type\":\"BreadcrumbList\",\"@id\":\"https:\\\/\\\/stephan-sax.com\\\/kontakt\\\/#breadcrumb\",\"itemListElement\":[{\"@type\":\"ListItem\",\"position\":1,\"name\":\"Startseite\",\"item\":\"https:\\\/\\\/stephan-sax.com\\\/\"},{\"@type\":\"ListItem\",\"position\":2,\"name\":\"Kontakt\"}]},{\"@type\":\"WebSite\",\"@id\":\"https:\\\/\\\/stephan-sax.com\\\/#website\",\"url\":\"https:\\\/\\\/stephan-sax.com\\\/\",\"name\":\"Stephan Sax Mental Performance ApS\",\"description\":\"Mental Performance for ledelse, medarbejdere og virksomheder\",\"alternateName\":\"High Performance\",\"potentialAction\":[{\"@type\":\"SearchAction\",\"target\":{\"@type\":\"EntryPoint\",\"urlTemplate\":\"https:\\\/\\\/stephan-sax.com\\\/?s={search_term_string}\"},\"query-input\":{\"@type\":\"PropertyValueSpecification\",\"valueRequired\":true,\"valueName\":\"search_term_string\"}}],\"inLanguage\":\"de\"}]}<\/script>\n<!-- \/ Yoast SEO plugin. -->","yoast_head_json":{"title":"Kontakt Stephan Sax Mental Performance","description":"Kontakt Stephan Sax Mental Performance for en uforpligtende samtale. Du er vigtig for mig og derfor holde dig ikke tilbage.","robots":{"index":"index","follow":"follow","max-snippet":"max-snippet:-1","max-image-preview":"max-image-preview:large","max-video-preview":"max-video-preview:-1"},"canonical":"https:\/\/stephan-sax.com\/de\/kontakt\/","og_locale":"de_DE","og_type":"article","og_title":"Kontakt Stephan Sax Mental Performance","og_description":"Kontakt Stephan Sax Mental Performance for en uforpligtende samtale. Du er vigtig for mig og derfor holde dig ikke tilbage.","og_url":"https:\/\/stephan-sax.com\/de\/kontakt\/","og_site_name":"Stephan Sax Mental Performance ApS","article_publisher":"https:\/\/www.facebook.com\/profile.php?id=100068816122387","article_modified_time":"2026-04-13T13:51:10+00:00","twitter_card":"summary_large_image","twitter_misc":{"Gesch\u00e4tzte Lesezeit":"2\u00a0Minuten"},"schema":{"@context":"https:\/\/schema.org","@graph":[{"@type":"WebPage","@id":"https:\/\/stephan-sax.com\/kontakt\/","url":"https:\/\/stephan-sax.com\/kontakt\/","name":"Kontakt Stephan Sax Mental Performance","isPartOf":{"@id":"https:\/\/stephan-sax.com\/#website"},"datePublished":"2024-01-30T12:13:55+00:00","dateModified":"2026-04-13T13:51:10+00:00","description":"Kontakt Stephan Sax Mental Performance for en uforpligtende samtale. Du er vigtig for mig og derfor holde dig ikke tilbage.","breadcrumb":{"@id":"https:\/\/stephan-sax.com\/kontakt\/#breadcrumb"},"inLanguage":"de","potentialAction":[{"@type":"ReadAction","target":["https:\/\/stephan-sax.com\/kontakt\/"]}]},{"@type":"BreadcrumbList","@id":"https:\/\/stephan-sax.com\/kontakt\/#breadcrumb","itemListElement":[{"@type":"ListItem","position":1,"name":"Startseite","item":"https:\/\/stephan-sax.com\/"},{"@type":"ListItem","position":2,"name":"Kontakt"}]},{"@type":"WebSite","@id":"https:\/\/stephan-sax.com\/#website","url":"https:\/\/stephan-sax.com\/","name":"Stephan Sax Mental Performance ApS","description":"Mental Performance for ledelse, medarbejdere og virksomheder","alternateName":"High Performance","potentialAction":[{"@type":"SearchAction","target":{"@type":"EntryPoint","urlTemplate":"https:\/\/stephan-sax.com\/?s={search_term_string}"},"query-input":{"@type":"PropertyValueSpecification","valueRequired":true,"valueName":"search_term_string"}}],"inLanguage":"de"}]}},"_links":{"self":[{"href":"https:\/\/stephan-sax.com\/de\/wp-json\/wp\/v2\/pages\/4253","targetHints":{"allow":["GET"]}}],"collection":[{"href":"https:\/\/stephan-sax.com\/de\/wp-json\/wp\/v2\/pages"}],"about":[{"href":"https:\/\/stephan-sax.com\/de\/wp-json\/wp\/v2\/types\/page"}],"author":[{"embeddable":true,"href":"https:\/\/stephan-sax.com\/de\/wp-json\/wp\/v2\/users\/1"}],"replies":[{"embeddable":true,"href":"https:\/\/stephan-sax.com\/de\/wp-json\/wp\/v2\/comments?post=4253"}],"version-history":[{"count":9,"href":"https:\/\/stephan-sax.com\/de\/wp-json\/wp\/v2\/pages\/4253\/revisions"}],"predecessor-version":[{"id":5854,"href":"https:\/\/stephan-sax.com\/de\/wp-json\/wp\/v2\/pages\/4253\/revisions\/5854"}],"wp:attachment":[{"href":"https:\/\/stephan-sax.com\/de\/wp-json\/wp\/v2\/media?parent=4253"}],"curies":[{"name":"wp","href":"https:\/\/api.w.org\/{rel}","templated":true}]}}