{"id":5547,"date":"2026-02-16T09:40:25","date_gmt":"2026-02-16T08:40:25","guid":{"rendered":"https:\/\/stephan-sax.com\/?page_id=5547"},"modified":"2026-02-21T21:23:35","modified_gmt":"2026-02-21T20:23:35","slug":"klarhed","status":"publish","type":"page","link":"https:\/\/stephan-sax.com\/de\/klarhed\/","title":{"rendered":"Klarheit"},"content":{"rendered":"<p>[et_pb_section fb_built=&#8221;1&#8243; admin_label=&#8221;Hero&#8221; _builder_version=&#8221;4.23.4&#8243; _module_preset=&#8221;default&#8221; background_color=&#8221;rgba(255,255,255,0.26)&#8221; background_image=&#8221;https:\/\/stephan-sax.com\/wp-content\/uploads\/2025\/05\/Solen-og-stranden.jpg&#8221; background_blend=&#8221;soft-light&#8221; width=&#8221;100%&#8221; max_width=&#8221;100%&#8221; module_alignment=&#8221;center&#8221; min_height=&#8221;50vh&#8221; height=&#8221;0px&#8221; max_height=&#8221;0px&#8221; custom_margin=&#8221;104px||0px||false|false&#8221; custom_padding=&#8221;0px||0px||true|false&#8221; global_colors_info=&#8221;{}&#8221;][et_pb_row _builder_version=&#8221;4.23.4&#8243; _module_preset=&#8221;default&#8221; background_enable_image=&#8221;off&#8221; positioning=&#8221;absolute&#8221; position_origin_a=&#8221;center_center&#8221; global_colors_info=&#8221;{}&#8221;][et_pb_column type=&#8221;4_4&#8243; _builder_version=&#8221;4.23.4&#8243; _module_preset=&#8221;default&#8221; global_colors_info=&#8221;{}&#8221;][et_pb_heading title=&#8221;Klarhed&#8221; _builder_version=&#8221;4.27.4&#8243; _module_preset=&#8221;default&#8221; title_font=&#8221;Montserrat|700|||||||&#8221; title_text_align=&#8221;center&#8221; title_text_color=&#8221;#f1d49f&#8221; title_font_size=&#8221;60px&#8221; min_height=&#8221;101px&#8221; custom_padding=&#8221;63px||27px|||&#8221; title_text_shadow_style=&#8221;preset5&#8243; global_colors_info=&#8221;{}&#8221;][\/et_pb_heading][et_pb_heading title=&#8221;Det handler om dig&#8221; module_id=&#8221;UnderTekst&#8221; _builder_version=&#8221;4.27.4&#8243; _module_preset=&#8221;default&#8221; title_level=&#8221;h2&#8243; title_font=&#8221;Montserrat|700|on||||||&#8221; title_text_align=&#8221;center&#8221; title_text_color=&#8221;#F1D49F&#8221; title_font_size=&#8221;50px&#8221; background_color=&#8221;RGBA(255,255,255,0)&#8221; hover_enabled=&#8221;0&#8243; title_font_size_tablet=&#8221;43px&#8221; title_font_size_phone=&#8221;32px&#8221; title_font_size_last_edited=&#8221;on|desktop&#8221; title_text_shadow_style=&#8221;preset1&#8243; global_colors_info=&#8221;{}&#8221; locked=&#8221;off&#8221; sticky_enabled=&#8221;0&#8243;][\/et_pb_heading][\/et_pb_column][\/et_pb_row][\/et_pb_section][et_pb_section fb_built=&#8221;1&#8243; admin_label=&#8221;About&#8221; _builder_version=&#8221;4.23.4&#8243; _module_preset=&#8221;default&#8221; background_color=&#8221;gcid-d6459956-ddd4-4d69-bdb5-600ea1a00c68&#8243; background_image=&#8221;https:\/\/stephan-sax.com\/wp-content\/uploads\/2024\/01\/therapy-29.png&#8221; background_size=&#8221;initial&#8221; background_position=&#8221;center_right&#8221; min_height=&#8221;1713.1px&#8221; custom_padding=&#8221;||4vw||false|false&#8221; collapsed=&#8221;on&#8221; global_colors_info=&#8221;{%22gcid-d6459956-ddd4-4d69-bdb5-600ea1a00c68%22:%91%22background_color%22%93}&#8221;][et_pb_row _builder_version=&#8221;4.23.4&#8243; _module_preset=&#8221;default&#8221; global_colors_info=&#8221;{}&#8221;][et_pb_column type=&#8221;4_4&#8243; _builder_version=&#8221;4.23.4&#8243; _module_preset=&#8221;default&#8221; global_colors_info=&#8221;{}&#8221;][et_pb_text _builder_version=&#8221;4.27.4&#8243; _module_preset=&#8221;default&#8221; text_text_color=&#8221;#402223&#8243; background_color=&#8221;RGBA(255,255,255,0)&#8221; global_colors_info=&#8221;{}&#8221;]<\/p>\n<h2 data-start=\"394\" data-end=\"429\"><strong data-start=\"394\" data-end=\"429\">Klarheit<\/strong><\/h2>\n<p data-start=\"394\" data-end=\"429\"><strong data-start=\"394\" data-end=\"429\"><\/strong><\/p>\n<p data-start=\"417\" data-end=\"510\">Klarhed er afg\u00f8rende for b\u00e5de den m\u00e5de, du lever p\u00e5, og den m\u00e5de, du tr\u00e6ffer beslutninger p\u00e5.<\/p>\n<p data-start=\"512\" data-end=\"682\">N\u00e5r du har klarhed over dig selv, dine v\u00e6rdier og dine indre drivkr\u00e6fter, bliver dine valg mere tydelige, dine handlinger mere konsekvente og din hverdag mere balanceret.<\/p>\n<p>[\/et_pb_text][\/et_pb_column][\/et_pb_row][et_pb_row column_structure=&#8221;1_2,1_2&#8243; _builder_version=&#8221;4.23.4&#8243; _module_preset=&#8221;default&#8221; background_enable_image=&#8221;off&#8221; parallax=&#8221;off&#8221; global_colors_info=&#8221;{}&#8221;][et_pb_column type=&#8221;1_2&#8243; _builder_version=&#8221;4.17.1&#8243; _module_preset=&#8221;default&#8221; global_colors_info=&#8221;{}&#8221;][et_pb_text _builder_version=&#8221;4.23.4&#8243; _module_preset=&#8221;b327cbe4-b1d5-4b66-ad37-40c8f2f061ba&#8221; header_2_font=&#8221;Montserrat|700|||||||&#8221; header_2_text_color=&#8221;#22434A&#8221; header_2_font_size=&#8221;56px&#8221; header_2_line_height=&#8221;1.2em&#8221; background_color=&#8221;RGBA(255,255,255,0)&#8221; width=&#8221;100%&#8221; custom_margin=&#8221;|-341px|0px||false|false&#8221; header_2_font_size_tablet=&#8221;32px&#8221; header_2_font_size_phone=&#8221;26px&#8221; header_2_font_size_last_edited=&#8221;on|tablet&#8221; global_colors_info=&#8221;{}&#8221;]<\/p>\n<h2><\/h2>\n<p><strong><\/strong><\/p>\n<p>[\/et_pb_text][et_pb_image src=&#8221;https:\/\/stephan-sax.com\/wp-content\/uploads\/2026\/02\/Screenshot_20260113_104450_ChatGPT.jpg&#8221; alt=&#8221;Tydelig og selvsikker.&#8221; title_text=&#8221;Klarhed uden arrogance.&#8221; _builder_version=&#8221;4.27.4&#8243; _module_preset=&#8221;default&#8221; global_colors_info=&#8221;{}&#8221;][\/et_pb_image][\/et_pb_column][et_pb_column type=&#8221;1_2&#8243; _builder_version=&#8221;4.17.1&#8243; _module_preset=&#8221;default&#8221; global_colors_info=&#8221;{}&#8221;][et_pb_text _builder_version=&#8221;4.27.4&#8243; _module_preset=&#8221;default&#8221; background_color=&#8221;RGBA(255,255,255,0)&#8221; custom_margin=&#8221;21px|||||&#8221; global_colors_info=&#8221;{}&#8221;]<\/p>\n<h3 data-start=\"689\" data-end=\"714\"><strong>Hvad betyder klarhed?<\/strong><\/h3>\n<p data-start=\"715\" data-end=\"826\">Klarhed handler om at kende dig selv godt nok til at handle i overensstemmelse med det, der er rigtigt for dig.<\/p>\n<p data-start=\"828\" data-end=\"908\">N\u00e5r dine v\u00e6rdier, dine beslutninger og dine handlinger arbejder i samme retning:<\/p>\n<ul data-start=\"909\" data-end=\"1002\">\n<li data-start=\"909\" data-end=\"937\">\n<p data-start=\"911\" data-end=\"937\">skaber du bedre resultater<\/p>\n<\/li>\n<li data-start=\"938\" data-end=\"966\">\n<p data-start=\"940\" data-end=\"966\">oplever du st\u00f8rre indre ro<\/p>\n<\/li>\n<li data-start=\"967\" data-end=\"1002\">\n<p data-start=\"969\" data-end=\"1002\">bruger du din energi mere bevidst<\/p>\n<\/li>\n<\/ul>\n<p data-start=\"1004\" data-end=\"1070\">Klarhed er ikke et m\u00e5l i sig selv, men et fundament for alt andet.<\/p>\n<p>[\/et_pb_text][et_pb_button button_url=&#8221;https:\/\/stephan-sax.com\/kontakt\/&#8221; button_text=&#8221;Book en uforpligtende samtale&#8221; button_alignment=&#8221;center&#8221; button_alignment_tablet=&#8221;&#8221; button_alignment_phone=&#8221;center&#8221; button_alignment_last_edited=&#8221;on|phone&#8221; module_id=&#8221;bigger-icon&#8221; _builder_version=&#8221;4.27.4&#8243; _module_preset=&#8221;3117bc07-6a8a-4679-b3bb-b6ed74b48a2f&#8221; custom_button=&#8221;on&#8221; button_text_size=&#8221;16px&#8221; button_text_color=&#8221;#402223&#8243; button_bg_color=&#8221;#F1CC65&#8243; button_border_width=&#8221;0px&#8221; button_border_color=&#8221;#2E5B61&#8243; button_border_radius=&#8221;50px&#8221; button_font=&#8221;Verdana|600|||||||&#8221; custom_padding=&#8221;20px|40px|20px|40px|true|true&#8221; animation_style=&#8221;fade&#8221; locked=&#8221;off&#8221; global_colors_info=&#8221;{}&#8221; custom_css_after__hover_enabled=&#8221;on|hover&#8221;][\/et_pb_button][\/et_pb_column][\/et_pb_row][et_pb_row column_structure=&#8221;1_2,1_2&#8243; _builder_version=&#8221;4.23.4&#8243; _module_preset=&#8221;default&#8221; custom_margin=&#8221;|auto|12px|auto||&#8221; custom_padding=&#8221;86px|||||&#8221; global_colors_info=&#8221;{}&#8221;][et_pb_column type=&#8221;1_2&#8243; _builder_version=&#8221;4.23.4&#8243; _module_preset=&#8221;default&#8221; global_colors_info=&#8221;{}&#8221;][et_pb_text _builder_version=&#8221;4.27.4&#8243; _module_preset=&#8221;default&#8221; background_color=&#8221;RGBA(255,255,255,0)&#8221; width=&#8221;100%&#8221; custom_padding=&#8221;0px|||||&#8221; global_colors_info=&#8221;{}&#8221;]<\/p>\n<h3 data-start=\"1077\" data-end=\"1107\"><strong>Hvorfor er klarhed vigtig?<\/strong><\/h3>\n<p data-start=\"1108\" data-end=\"1146\">Uden klarhed bliver beslutninger ofte:<\/p>\n<ul data-start=\"1147\" data-end=\"1199\">\n<li data-start=\"1147\" data-end=\"1157\">\n<p data-start=\"1149\" data-end=\"1157\">reaktive<\/p>\n<\/li>\n<li data-start=\"1158\" data-end=\"1166\">\n<p data-start=\"1160\" data-end=\"1166\">usikre<\/p>\n<\/li>\n<li data-start=\"1167\" data-end=\"1199\">\n<p data-start=\"1169\" data-end=\"1199\">pr\u00e6get af andres forventninger<\/p>\n<\/li>\n<\/ul>\n<p data-start=\"1201\" data-end=\"1233\">Med klarhed bliver beslutninger:<\/p>\n<ul data-start=\"1234\" data-end=\"1286\">\n<li data-start=\"1234\" data-end=\"1247\">\n<p data-start=\"1236\" data-end=\"1247\">mere rolige<\/p>\n<\/li>\n<li data-start=\"1248\" data-end=\"1265\">\n<p data-start=\"1250\" data-end=\"1265\">mere ansvarlige<\/p>\n<\/li>\n<li data-start=\"1266\" data-end=\"1286\">\n<p data-start=\"1268\" data-end=\"1286\">lettere at st\u00e5 ved<\/p>\n<\/li>\n<\/ul>\n<p data-start=\"1288\" data-end=\"1328\">Det g\u00e6lder b\u00e5de privat og professionelt.<\/p>\n<p>[\/et_pb_text][\/et_pb_column][et_pb_column type=&#8221;1_2&#8243; _builder_version=&#8221;4.23.4&#8243; _module_preset=&#8221;default&#8221; global_colors_info=&#8221;{}&#8221;][et_pb_image src=&#8221;https:\/\/stephan-sax.com\/wp-content\/uploads\/2026\/02\/Screenshot_20260111_130729_ChatGPT.jpg&#8221; alt=&#8221;Refleksiv og erfaren.&#8221; title_text=&#8221;Refleksiv og erfaren.&#8221; _builder_version=&#8221;4.27.4&#8243; _module_preset=&#8221;default&#8221; global_colors_info=&#8221;{}&#8221;][\/et_pb_image][\/et_pb_column][\/et_pb_row][et_pb_row column_structure=&#8221;1_2,1_2&#8243; _builder_version=&#8221;4.27.4&#8243; _module_preset=&#8221;default&#8221; global_colors_info=&#8221;{}&#8221;][et_pb_column type=&#8221;1_2&#8243; _builder_version=&#8221;4.27.4&#8243; _module_preset=&#8221;default&#8221; global_colors_info=&#8221;{}&#8221;][et_pb_text _builder_version=&#8221;4.27.4&#8243; _module_preset=&#8221;default&#8221; background_color=&#8221;RGBA(255,255,255,0)&#8221; global_colors_info=&#8221;{}&#8221;]<\/p>\n<h3 data-start=\"1335\" data-end=\"1377\"><strong>Klarhed som udgangspunkt for udvikling<\/strong><\/h3>\n<p data-start=\"1378\" data-end=\"1423\">Klarhed er altid f\u00f8rste skridt i mit arbejde.<\/p>\n<p data-start=\"1425\" data-end=\"1451\">Uanset om du arbejder med:<\/p>\n<ul data-start=\"1452\" data-end=\"1517\">\n<li data-start=\"1452\" data-end=\"1473\">\n<p data-start=\"1454\" data-end=\"1473\">personlig udvikling<\/p>\n<\/li>\n<li data-start=\"1474\" data-end=\"1494\">\n<p data-start=\"1476\" data-end=\"1494\">mental performance<\/p>\n<\/li>\n<li data-start=\"1495\" data-end=\"1504\">\n<p data-start=\"1497\" data-end=\"1504\">ledelse<\/p>\n<\/li>\n<li data-start=\"1505\" data-end=\"1517\">\n<p data-start=\"1507\" data-end=\"1517\">relationer<\/p>\n<\/li>\n<\/ul>\n<p data-start=\"1519\" data-end=\"1587\">starter det med klarhed over dine indre drivkr\u00e6fter og dine m\u00f8nstre.<\/p>\n<p data-start=\"1589\" data-end=\"1645\">Herfra kan forl\u00f8b og sparring tilpasses pr\u00e6cist til dig.<\/p>\n<p>[\/et_pb_text][\/et_pb_column][et_pb_column type=&#8221;1_2&#8243; _builder_version=&#8221;4.27.4&#8243; _module_preset=&#8221;default&#8221; global_colors_info=&#8221;{}&#8221;][et_pb_text _builder_version=&#8221;4.27.4&#8243; _module_preset=&#8221;default&#8221; background_color=&#8221;RGBA(255,255,255,0)&#8221; global_colors_info=&#8221;{}&#8221;]<\/p>\n<h3 data-start=\"1652\" data-end=\"1666\"><strong>Afslutning<\/strong><\/h3>\n<p data-start=\"1667\" data-end=\"1762\">Klarhed skaber retning.<br data-start=\"1690\" data-end=\"1693\" \/>Retning skaber handling.<br data-start=\"1717\" data-end=\"1720\" \/>Handling skaber resultater, der kan holde.<\/p>\n<p>[\/et_pb_text][et_pb_divider show_divider=&#8221;off&#8221; _builder_version=&#8221;4.27.4&#8243; _module_preset=&#8221;default&#8221; custom_padding=&#8221;||52px|||&#8221; global_colors_info=&#8221;{}&#8221;][\/et_pb_divider][et_pb_button button_url=&#8221;https:\/\/stephan-sax.com\/kontakt\/&#8221; button_text=&#8221;Book en uforpligtende samtale&#8221; button_alignment=&#8221;center&#8221; button_alignment_tablet=&#8221;&#8221; button_alignment_phone=&#8221;center&#8221; button_alignment_last_edited=&#8221;on|phone&#8221; module_id=&#8221;bigger-icon&#8221; _builder_version=&#8221;4.27.4&#8243; _module_preset=&#8221;3117bc07-6a8a-4679-b3bb-b6ed74b48a2f&#8221; custom_button=&#8221;on&#8221; button_text_size=&#8221;16px&#8221; button_text_color=&#8221;#402223&#8243; button_bg_color=&#8221;#F1CC65&#8243; button_border_width=&#8221;0px&#8221; button_border_color=&#8221;#2E5B61&#8243; button_border_radius=&#8221;50px&#8221; button_font=&#8221;Verdana|600|||||||&#8221; custom_padding=&#8221;20px|40px|20px|40px|true|true&#8221; animation_style=&#8221;fade&#8221; locked=&#8221;off&#8221; global_colors_info=&#8221;{}&#8221; custom_css_after__hover_enabled=&#8221;on|hover&#8221;][\/et_pb_button][\/et_pb_column][\/et_pb_row][\/et_pb_section]<\/p>","protected":false},"excerpt":{"rendered":"<p>Klarhed Klarhed er afg\u00f8rende for b\u00e5de den m\u00e5de, du lever p\u00e5, og den m\u00e5de, du tr\u00e6ffer beslutninger p\u00e5. N\u00e5r du har klarhed over dig selv, dine v\u00e6rdier og dine indre drivkr\u00e6fter, bliver dine valg mere tydelige, dine handlinger mere konsekvente og din hverdag mere balanceret. Hvad betyder klarhed? Klarhed handler om at kende dig selv [&hellip;]<\/p>","protected":false},"author":1,"featured_media":0,"parent":0,"menu_order":0,"comment_status":"closed","ping_status":"closed","template":"","meta":{"_et_pb_use_builder":"on","_et_pb_old_content":"<!-- wp:divi\/placeholder \/-->","_et_gb_content_width":"","footnotes":""},"class_list":["post-5547","page","type-page","status-publish","hentry"],"yoast_head":"<!-- This site is optimized with the Yoast SEO plugin v27.3 - https:\/\/yoast.com\/product\/yoast-seo-wordpress\/ -->\n<title>KLarhed | Stephan Sax<\/title>\n<meta name=\"description\" content=\"Klarhed handler om at forst\u00e5 sig selv, sine indre drivkr\u00e6fter og tr\u00e6ffe bevidste valg, der skaber ro, retning og b\u00e6redygtige resultater i b\u00e5de liv og arbejde.\" \/>\n<meta name=\"robots\" content=\"index, follow, max-snippet:-1, max-image-preview:large, max-video-preview:-1\" \/>\n<link rel=\"canonical\" href=\"https:\/\/stephan-sax.com\/de\/pld-analyse\/\" \/>\n<meta property=\"og:locale\" content=\"de_DE\" \/>\n<meta property=\"og:type\" content=\"article\" \/>\n<meta property=\"og:title\" content=\"KLarhed | Stephan Sax\" \/>\n<meta property=\"og:description\" content=\"Klarhed handler om at forst\u00e5 sig selv, sine indre drivkr\u00e6fter og tr\u00e6ffe bevidste valg, der skaber ro, retning og b\u00e6redygtige resultater i b\u00e5de liv og arbejde.\" \/>\n<meta property=\"og:url\" content=\"https:\/\/stephan-sax.com\/de\/pld-analyse\/\" \/>\n<meta property=\"og:site_name\" content=\"Stephan Sax Mental Performance ApS\" \/>\n<meta property=\"article:publisher\" content=\"https:\/\/www.facebook.com\/profile.php?id=100068816122387\" \/>\n<meta property=\"article:modified_time\" content=\"2026-02-21T20:23:35+00:00\" \/>\n<meta name=\"twitter:card\" content=\"summary_large_image\" \/>\n<meta name=\"twitter:label1\" content=\"Gesch\u00e4tzte Lesezeit\" \/>\n\t<meta name=\"twitter:data1\" content=\"2\u00a0Minuten\" \/>\n<script type=\"application\/ld+json\" class=\"yoast-schema-graph\">{\"@context\":\"https:\\\/\\\/schema.org\",\"@graph\":[{\"@type\":\"WebPage\",\"@id\":\"https:\\\/\\\/stephan-sax.com\\\/klarhed\\\/\",\"url\":\"https:\\\/\\\/stephan-sax.com\\\/pld-analyse\\\/\",\"name\":\"KLarhed | Stephan Sax\",\"isPartOf\":{\"@id\":\"https:\\\/\\\/stephan-sax.com\\\/#website\"},\"datePublished\":\"2026-02-16T08:40:25+00:00\",\"dateModified\":\"2026-02-21T20:23:35+00:00\",\"description\":\"Klarhed handler om at forst\u00e5 sig selv, sine indre drivkr\u00e6fter og tr\u00e6ffe bevidste valg, der skaber ro, retning og b\u00e6redygtige resultater i b\u00e5de liv og arbejde.\",\"breadcrumb\":{\"@id\":\"https:\\\/\\\/stephan-sax.com\\\/pld-analyse\\\/#breadcrumb\"},\"inLanguage\":\"de\",\"potentialAction\":[{\"@type\":\"ReadAction\",\"target\":[\"https:\\\/\\\/stephan-sax.com\\\/pld-analyse\\\/\"]}]},{\"@type\":\"BreadcrumbList\",\"@id\":\"https:\\\/\\\/stephan-sax.com\\\/pld-analyse\\\/#breadcrumb\",\"itemListElement\":[{\"@type\":\"ListItem\",\"position\":1,\"name\":\"Startseite\",\"item\":\"https:\\\/\\\/stephan-sax.com\\\/\"},{\"@type\":\"ListItem\",\"position\":2,\"name\":\"PLD Analyse\"}]},{\"@type\":\"WebSite\",\"@id\":\"https:\\\/\\\/stephan-sax.com\\\/#website\",\"url\":\"https:\\\/\\\/stephan-sax.com\\\/\",\"name\":\"Stephan Sax Mental Performance ApS\",\"description\":\"Mental Performance for ledelse, medarbejdere og virksomheder\",\"alternateName\":\"High Performance\",\"potentialAction\":[{\"@type\":\"SearchAction\",\"target\":{\"@type\":\"EntryPoint\",\"urlTemplate\":\"https:\\\/\\\/stephan-sax.com\\\/?s={search_term_string}\"},\"query-input\":{\"@type\":\"PropertyValueSpecification\",\"valueRequired\":true,\"valueName\":\"search_term_string\"}}],\"inLanguage\":\"de\"}]}<\/script>\n<!-- \/ Yoast SEO plugin. -->","yoast_head_json":{"title":"KLarhed | Stephan Sax","description":"Klarhed handler om at forst\u00e5 sig selv, sine indre drivkr\u00e6fter og tr\u00e6ffe bevidste valg, der skaber ro, retning og b\u00e6redygtige resultater i b\u00e5de liv og arbejde.","robots":{"index":"index","follow":"follow","max-snippet":"max-snippet:-1","max-image-preview":"max-image-preview:large","max-video-preview":"max-video-preview:-1"},"canonical":"https:\/\/stephan-sax.com\/de\/pld-analyse\/","og_locale":"de_DE","og_type":"article","og_title":"KLarhed | Stephan Sax","og_description":"Klarhed handler om at forst\u00e5 sig selv, sine indre drivkr\u00e6fter og tr\u00e6ffe bevidste valg, der skaber ro, retning og b\u00e6redygtige resultater i b\u00e5de liv og arbejde.","og_url":"https:\/\/stephan-sax.com\/de\/pld-analyse\/","og_site_name":"Stephan Sax Mental Performance ApS","article_publisher":"https:\/\/www.facebook.com\/profile.php?id=100068816122387","article_modified_time":"2026-02-21T20:23:35+00:00","twitter_card":"summary_large_image","twitter_misc":{"Gesch\u00e4tzte Lesezeit":"2\u00a0Minuten"},"schema":{"@context":"https:\/\/schema.org","@graph":[{"@type":"WebPage","@id":"https:\/\/stephan-sax.com\/klarhed\/","url":"https:\/\/stephan-sax.com\/pld-analyse\/","name":"KLarhed | Stephan Sax","isPartOf":{"@id":"https:\/\/stephan-sax.com\/#website"},"datePublished":"2026-02-16T08:40:25+00:00","dateModified":"2026-02-21T20:23:35+00:00","description":"Klarhed handler om at forst\u00e5 sig selv, sine indre drivkr\u00e6fter og tr\u00e6ffe bevidste valg, der skaber ro, retning og b\u00e6redygtige resultater i b\u00e5de liv og arbejde.","breadcrumb":{"@id":"https:\/\/stephan-sax.com\/pld-analyse\/#breadcrumb"},"inLanguage":"de","potentialAction":[{"@type":"ReadAction","target":["https:\/\/stephan-sax.com\/pld-analyse\/"]}]},{"@type":"BreadcrumbList","@id":"https:\/\/stephan-sax.com\/pld-analyse\/#breadcrumb","itemListElement":[{"@type":"ListItem","position":1,"name":"Startseite","item":"https:\/\/stephan-sax.com\/"},{"@type":"ListItem","position":2,"name":"PLD Analyse"}]},{"@type":"WebSite","@id":"https:\/\/stephan-sax.com\/#website","url":"https:\/\/stephan-sax.com\/","name":"Stephan Sax Mental Performance ApS","description":"Mental Performance for ledelse, medarbejdere og virksomheder","alternateName":"High Performance","potentialAction":[{"@type":"SearchAction","target":{"@type":"EntryPoint","urlTemplate":"https:\/\/stephan-sax.com\/?s={search_term_string}"},"query-input":{"@type":"PropertyValueSpecification","valueRequired":true,"valueName":"search_term_string"}}],"inLanguage":"de"}]}},"_links":{"self":[{"href":"https:\/\/stephan-sax.com\/de\/wp-json\/wp\/v2\/pages\/5547","targetHints":{"allow":["GET"]}}],"collection":[{"href":"https:\/\/stephan-sax.com\/de\/wp-json\/wp\/v2\/pages"}],"about":[{"href":"https:\/\/stephan-sax.com\/de\/wp-json\/wp\/v2\/types\/page"}],"author":[{"embeddable":true,"href":"https:\/\/stephan-sax.com\/de\/wp-json\/wp\/v2\/users\/1"}],"replies":[{"embeddable":true,"href":"https:\/\/stephan-sax.com\/de\/wp-json\/wp\/v2\/comments?post=5547"}],"version-history":[{"count":4,"href":"https:\/\/stephan-sax.com\/de\/wp-json\/wp\/v2\/pages\/5547\/revisions"}],"predecessor-version":[{"id":5794,"href":"https:\/\/stephan-sax.com\/de\/wp-json\/wp\/v2\/pages\/5547\/revisions\/5794"}],"wp:attachment":[{"href":"https:\/\/stephan-sax.com\/de\/wp-json\/wp\/v2\/media?parent=5547"}],"curies":[{"name":"wp","href":"https:\/\/api.w.org\/{rel}","templated":true}]}}