{"id":5553,"date":"2026-02-16T12:28:54","date_gmt":"2026-02-16T11:28:54","guid":{"rendered":"https:\/\/stephan-sax.com\/?page_id=5553"},"modified":"2026-02-20T15:02:13","modified_gmt":"2026-02-20T14:02:13","slug":"mennesket-foer-metoden","status":"publish","type":"page","link":"https:\/\/stephan-sax.com\/de\/mennesket-foer-metoden\/","title":{"rendered":"Der Mensch vor der Methode"},"content":{"rendered":"<p>[et_pb_section fb_built=&#8221;1&#8243; admin_label=&#8221;Hero&#8221; _builder_version=&#8221;4.23.4&#8243; _module_preset=&#8221;default&#8221; background_color=&#8221;rgba(255,255,255,0.26)&#8221; background_image=&#8221;https:\/\/stephan-sax.com\/wp-content\/uploads\/2025\/05\/Solen-og-stranden.jpg&#8221; background_blend=&#8221;soft-light&#8221; width=&#8221;100%&#8221; max_width=&#8221;100%&#8221; module_alignment=&#8221;center&#8221; min_height=&#8221;50vh&#8221; height=&#8221;0px&#8221; max_height=&#8221;0px&#8221; custom_margin=&#8221;104px||0px||false|false&#8221; custom_padding=&#8221;0px||0px||true|false&#8221; global_colors_info=&#8221;{}&#8221;][et_pb_row _builder_version=&#8221;4.23.4&#8243; _module_preset=&#8221;default&#8221; background_enable_image=&#8221;off&#8221; positioning=&#8221;absolute&#8221; position_origin_a=&#8221;center_center&#8221; global_colors_info=&#8221;{}&#8221;][et_pb_column type=&#8221;4_4&#8243; _builder_version=&#8221;4.23.4&#8243; _module_preset=&#8221;default&#8221; global_colors_info=&#8221;{}&#8221;][et_pb_heading title=&#8221;Mennesket f\u00f8r metoden&#8221; _builder_version=&#8221;4.27.4&#8243; _module_preset=&#8221;default&#8221; title_font=&#8221;Montserrat|700|||||||&#8221; title_text_align=&#8221;center&#8221; title_text_color=&#8221;#f1d49f&#8221; title_font_size=&#8221;60px&#8221; min_height=&#8221;101px&#8221; custom_padding=&#8221;63px||27px|||&#8221; title_text_shadow_style=&#8221;preset5&#8243; global_colors_info=&#8221;{}&#8221;][\/et_pb_heading][et_pb_heading title=&#8221;Min tilgang til mental performance, ledelse og udvikling&#8221; module_id=&#8221;UnderTekst&#8221; _builder_version=&#8221;4.27.4&#8243; _module_preset=&#8221;default&#8221; title_level=&#8221;h2&#8243; title_font=&#8221;Montserrat|700|on||||||&#8221; title_text_align=&#8221;center&#8221; title_text_color=&#8221;#F1D49F&#8221; title_font_size=&#8221;50px&#8221; background_color=&#8221;RGBA(255,255,255,0)&#8221; title_font_size_tablet=&#8221;43px&#8221; title_font_size_phone=&#8221;32px&#8221; title_font_size_last_edited=&#8221;on|desktop&#8221; title_text_shadow_style=&#8221;preset1&#8243; locked=&#8221;off&#8221; global_colors_info=&#8221;{}&#8221;][\/et_pb_heading][\/et_pb_column][\/et_pb_row][\/et_pb_section][et_pb_section fb_built=&#8221;1&#8243; admin_label=&#8221;About&#8221; _builder_version=&#8221;4.23.4&#8243; _module_preset=&#8221;default&#8221; background_color=&#8221;gcid-d6459956-ddd4-4d69-bdb5-600ea1a00c68&#8243; background_image=&#8221;https:\/\/stephan-sax.com\/wp-content\/uploads\/2024\/01\/therapy-29.png&#8221; background_size=&#8221;initial&#8221; background_position=&#8221;center_right&#8221; min_height=&#8221;1713.1px&#8221; custom_padding=&#8221;||4vw||false|false&#8221; collapsed=&#8221;on&#8221; global_colors_info=&#8221;{%22gcid-d6459956-ddd4-4d69-bdb5-600ea1a00c68%22:%91%22background_color%22%93}&#8221;][et_pb_row _builder_version=&#8221;4.23.4&#8243; _module_preset=&#8221;default&#8221; global_colors_info=&#8221;{}&#8221;][et_pb_column type=&#8221;4_4&#8243; _builder_version=&#8221;4.23.4&#8243; _module_preset=&#8221;default&#8221; global_colors_info=&#8221;{}&#8221;][et_pb_text _builder_version=&#8221;4.27.4&#8243; _module_preset=&#8221;default&#8221; text_text_color=&#8221;#402223&#8243; background_color=&#8221;RGBA(255,255,255,0)&#8221; global_colors_info=&#8221;{}&#8221;]<\/p>\n<h2 data-start=\"394\" data-end=\"429\"><strong data-start=\"394\" data-end=\"429\">Der Mensch vor der Methode<\/strong><\/h2>\n<p data-start=\"394\" data-end=\"429\"><strong data-start=\"394\" data-end=\"429\"><\/strong><\/p>\n<p data-start=\"715\" data-end=\"815\" class=\"translation-block\">Ich arbeite nicht mit Vorlagen, Systemen oder Standardl\u00f6sungen.\nIch arbeite mit Menschen.<\/p>\n<p data-start=\"817\" data-end=\"947\">For mig begynder enhver forandring med at forst\u00e5 det menneske, der st\u00e5r foran mig \u2013 f\u00f8r vi taler om metoder, m\u00e5l eller resultater.<\/p>\n<p>[\/et_pb_text][\/et_pb_column][\/et_pb_row][et_pb_row column_structure=&#8221;1_2,1_2&#8243; _builder_version=&#8221;4.23.4&#8243; _module_preset=&#8221;default&#8221; background_enable_image=&#8221;off&#8221; parallax=&#8221;off&#8221; global_colors_info=&#8221;{}&#8221;][et_pb_column type=&#8221;1_2&#8243; _builder_version=&#8221;4.17.1&#8243; _module_preset=&#8221;default&#8221; global_colors_info=&#8221;{}&#8221;][et_pb_text _builder_version=&#8221;4.23.4&#8243; _module_preset=&#8221;b327cbe4-b1d5-4b66-ad37-40c8f2f061ba&#8221; header_2_font=&#8221;Montserrat|700|||||||&#8221; header_2_text_color=&#8221;#22434A&#8221; header_2_font_size=&#8221;56px&#8221; header_2_line_height=&#8221;1.2em&#8221; background_color=&#8221;RGBA(255,255,255,0)&#8221; width=&#8221;100%&#8221; custom_margin=&#8221;|-341px|0px||false|false&#8221; header_2_font_size_tablet=&#8221;32px&#8221; header_2_font_size_phone=&#8221;26px&#8221; header_2_font_size_last_edited=&#8221;on|tablet&#8221; global_colors_info=&#8221;{}&#8221;]<\/p>\n<h2><\/h2>\n<p><strong><\/strong><\/p>\n<p>[\/et_pb_text][et_pb_image src=&#8221;https:\/\/stephan-sax.com\/wp-content\/uploads\/2026\/02\/Screenshot_20260110_123317_ChatGPT.jpg&#8221; alt=&#8221;N\u00e6rv\u00e6rende og jordn\u00e6r.&#8221; title_text=&#8221;N\u00e6rv\u00e6rende og jordn\u00e6r.&#8221; _builder_version=&#8221;4.27.4&#8243; _module_preset=&#8221;default&#8221; global_colors_info=&#8221;{}&#8221;][\/et_pb_image][\/et_pb_column][et_pb_column type=&#8221;1_2&#8243; _builder_version=&#8221;4.17.1&#8243; _module_preset=&#8221;default&#8221; global_colors_info=&#8221;{}&#8221;][et_pb_text _builder_version=&#8221;4.27.4&#8243; _module_preset=&#8221;default&#8221; background_color=&#8221;RGBA(255,255,255,0)&#8221; custom_margin=&#8221;21px|||||&#8221; global_colors_info=&#8221;{}&#8221;]<\/p>\n<h3 data-start=\"954\" data-end=\"993\"><strong>Was bedeutet \u201eDer Mensch vor der Methode\u201c?<\/strong><\/h3>\n<p data-start=\"994\" data-end=\"1042\">\u201eDer Mensch vor der Methode\u201c bedeutet, dass ich immer zuerst sehe:<\/p>\n<ul data-start=\"1043\" data-end=\"1112\">\n<li data-start=\"1043\" data-end=\"1064\">\n<p data-start=\"1045\" data-end=\"1064\">personen f\u00f8r rollen<\/p>\n<\/li>\n<li data-start=\"1065\" data-end=\"1087\">\n<p data-start=\"1067\" data-end=\"1087\">behovet f\u00f8r adf\u00e6rden<\/p>\n<\/li>\n<li data-start=\"1088\" data-end=\"1112\">\n<p data-start=\"1090\" data-end=\"1112\">energien f\u00f8r symptomet<\/p>\n<\/li>\n<\/ul>\n<p data-start=\"1114\" data-end=\"1256\">Metoder giver f\u00f8rst mening, n\u00e5r mennesket er forst\u00e5et.<br data-start=\"1168\" data-end=\"1171\" \/>Ellers bliver forandring noget, man presser igennem, ikke noget, der vokser indefra.<\/p>\n<p>[\/et_pb_text][et_pb_divider show_divider=&#8221;off&#8221; _builder_version=&#8221;4.27.4&#8243; _module_preset=&#8221;default&#8221; global_colors_info=&#8221;{}&#8221;][\/et_pb_divider][et_pb_button button_url=&#8221;https:\/\/stephan-sax.com\/kontakt\/&#8221; button_text=&#8221;Book en uforpligtende samtale&#8221; button_alignment=&#8221;center&#8221; button_alignment_tablet=&#8221;&#8221; button_alignment_phone=&#8221;center&#8221; button_alignment_last_edited=&#8221;on|phone&#8221; module_id=&#8221;bigger-icon&#8221; _builder_version=&#8221;4.27.4&#8243; _module_preset=&#8221;3117bc07-6a8a-4679-b3bb-b6ed74b48a2f&#8221; custom_button=&#8221;on&#8221; button_text_size=&#8221;16px&#8221; button_text_color=&#8221;#402223&#8243; button_bg_color=&#8221;#F1CC65&#8243; button_border_width=&#8221;0px&#8221; button_border_color=&#8221;#2E5B61&#8243; button_border_radius=&#8221;50px&#8221; button_font=&#8221;Verdana|600|||||||&#8221; custom_padding=&#8221;20px|40px|20px|40px|true|true&#8221; animation_style=&#8221;fade&#8221; locked=&#8221;off&#8221; global_colors_info=&#8221;{}&#8221; custom_css_after__hover_enabled=&#8221;on|hover&#8221;][\/et_pb_button][et_pb_divider show_divider=&#8221;off&#8221; _builder_version=&#8221;4.27.4&#8243; _module_preset=&#8221;default&#8221; locked=&#8221;off&#8221; global_colors_info=&#8221;{}&#8221;][\/et_pb_divider][et_pb_text _builder_version=&#8221;4.27.4&#8243; _module_preset=&#8221;default&#8221; background_color=&#8221;RGBA(255,255,255,0)&#8221; global_colors_info=&#8221;{}&#8221;]<\/p>\n<h3 data-start=\"1263\" data-end=\"1311\"><strong>Broen mellem det menneskelige og det m\u00e5lbare<\/strong><\/h3>\n<p data-start=\"1312\" data-end=\"1359\">Jeg forbinder det menneskelige med det m\u00e5lbare.<\/p>\n<p data-start=\"1361\" data-end=\"1597\">Hvor mange enten taler om f\u00f8lelser eller resultater, arbejder jeg i sp\u00e6ndingsfeltet mellem dem.<br data-start=\"1456\" data-end=\"1459\" \/>For mig h\u00e6nger trivsel og bundlinje sammen.<br data-start=\"1502\" data-end=\"1505\" \/>Indre balance og konkret fremdrift er ikke mods\u00e6tninger, de er foruds\u00e6tninger for hinanden.<\/p>\n<p>[\/et_pb_text][\/et_pb_column][\/et_pb_row][et_pb_row column_structure=&#8221;1_2,1_2&#8243; _builder_version=&#8221;4.23.4&#8243; _module_preset=&#8221;default&#8221; custom_margin=&#8221;|auto|12px|auto||&#8221; custom_padding=&#8221;86px|||||&#8221; global_colors_info=&#8221;{}&#8221;][et_pb_column type=&#8221;1_2&#8243; _builder_version=&#8221;4.23.4&#8243; _module_preset=&#8221;default&#8221; global_colors_info=&#8221;{}&#8221;][et_pb_text _builder_version=&#8221;4.27.4&#8243; _module_preset=&#8221;default&#8221; background_color=&#8221;RGBA(255,255,255,0)&#8221; width=&#8221;100%&#8221; custom_padding=&#8221;0px|||||&#8221; global_colors_info=&#8221;{}&#8221;]<\/p>\n<h3 data-start=\"1604\" data-end=\"1644\"><strong>Indre drivkr\u00e6fter frem for symptomer<\/strong><\/h3>\n<p data-start=\"1645\" data-end=\"1707\">Jeg arbejder med <strong data-start=\"1662\" data-end=\"1689\">indre drivkr\u00e6fter (PLD), <\/strong>ikke symptomer.<\/p>\n<p data-start=\"1709\" data-end=\"1798\">De fleste forl\u00f8b fokuserer p\u00e5 adf\u00e6rd:<br data-start=\"1746\" data-end=\"1749\" \/><em data-start=\"1749\" data-end=\"1798\">\u201cG\u00f8r noget andet, s\u00e5 f\u00e5r du et andet resultat.\u201d<\/em><\/p>\n<p data-start=\"1800\" data-end=\"1969\">Jeg g\u00e5r et lag dybere og ser p\u00e5, <strong data-start=\"1833\" data-end=\"1844\">hvorfor<\/strong> mennesker handler, som de g\u00f8r.<br data-start=\"1875\" data-end=\"1878\" \/>N\u00e5r drivkr\u00e6fterne bliver tydelige, bliver forandring naturlig og b\u00e6redygtig, ikke tvungen.<\/p>\n<p>[\/et_pb_text][\/et_pb_column][et_pb_column type=&#8221;1_2&#8243; _builder_version=&#8221;4.23.4&#8243; _module_preset=&#8221;default&#8221; global_colors_info=&#8221;{}&#8221;][et_pb_image src=&#8221;https:\/\/stephan-sax.com\/wp-content\/uploads\/2026\/02\/Screenshot_20260213_075445_LinkedIn.jpg&#8221; alt=&#8221;Det er ikke dig som person &#8211; de indre drivkr\u00e6fter&#8221; title_text=&#8221;Det er ikke dig som person&#8221; _builder_version=&#8221;4.27.4&#8243; _module_preset=&#8221;default&#8221; global_colors_info=&#8221;{}&#8221;][\/et_pb_image][\/et_pb_column][\/et_pb_row][et_pb_row column_structure=&#8221;1_2,1_2&#8243; _builder_version=&#8221;4.27.4&#8243; _module_preset=&#8221;default&#8221; global_colors_info=&#8221;{}&#8221;][et_pb_column type=&#8221;1_2&#8243; _builder_version=&#8221;4.27.4&#8243; _module_preset=&#8221;default&#8221; global_colors_info=&#8221;{}&#8221;][et_pb_image src=&#8221;https:\/\/stephan-sax.com\/wp-content\/uploads\/2026\/02\/Screenshot_20260110_111248_ChatGPT.jpg&#8221; alt=&#8221;Indadvendt refleksion.&#8221; title_text=&#8221;Indadvendt refleksion.&#8221; _builder_version=&#8221;4.27.4&#8243; _module_preset=&#8221;default&#8221; global_colors_info=&#8221;{}&#8221;][\/et_pb_image][\/et_pb_column][et_pb_column type=&#8221;1_2&#8243; _builder_version=&#8221;4.27.4&#8243; _module_preset=&#8221;default&#8221; global_colors_info=&#8221;{}&#8221;][et_pb_text _builder_version=&#8221;4.27.4&#8243; _module_preset=&#8221;default&#8221; background_color=&#8221;RGBA(255,255,255,0)&#8221; custom_margin=&#8221;23px|||||&#8221; global_colors_info=&#8221;{}&#8221;]<\/p>\n<h3 data-start=\"1976\" data-end=\"2008\"><strong>Mental performance med dybde<\/strong><\/h3>\n<p data-start=\"2009\" data-end=\"2082\">Jeg kombinerer mental performance med hypnoseterapi, n\u00e5r det er relevant.<\/p>\n<p data-start=\"2084\" data-end=\"2259\">Det giver adgang til ubevidste m\u00f8nstre og blokeringer, som almindelig samtale sj\u00e6ldent n\u00e5r.<br data-start=\"2175\" data-end=\"2178\" \/>Her arbejder vi ikke kun med det, der bliver sagt, men ogs\u00e5 med det, der m\u00e6rkes.<\/p>\n<p>[\/et_pb_text][et_pb_divider show_divider=&#8221;off&#8221; _builder_version=&#8221;4.27.4&#8243; _module_preset=&#8221;default&#8221; custom_padding=&#8221;||27px|||&#8221; global_colors_info=&#8221;{}&#8221;][\/et_pb_divider][et_pb_button button_url=&#8221;https:\/\/stephan-sax.com\/kontakt\/&#8221; button_text=&#8221;Book en uforpligtende samtale&#8221; button_alignment=&#8221;center&#8221; button_alignment_tablet=&#8221;&#8221; button_alignment_phone=&#8221;center&#8221; button_alignment_last_edited=&#8221;on|phone&#8221; module_id=&#8221;bigger-icon&#8221; _builder_version=&#8221;4.27.4&#8243; _module_preset=&#8221;3117bc07-6a8a-4679-b3bb-b6ed74b48a2f&#8221; custom_button=&#8221;on&#8221; button_text_size=&#8221;16px&#8221; button_text_color=&#8221;#402223&#8243; button_bg_color=&#8221;#F1CC65&#8243; button_border_width=&#8221;0px&#8221; button_border_color=&#8221;#2E5B61&#8243; button_border_radius=&#8221;50px&#8221; button_font=&#8221;Verdana|600|||||||&#8221; custom_padding=&#8221;20px|40px|20px|40px|true|true&#8221; animation_style=&#8221;fade&#8221; locked=&#8221;off&#8221; global_colors_info=&#8221;{}&#8221; custom_css_after__hover_enabled=&#8221;on|hover&#8221;][\/et_pb_button][et_pb_divider show_divider=&#8221;off&#8221; _builder_version=&#8221;4.27.4&#8243; _module_preset=&#8221;default&#8221; min_height=&#8221;28.8px&#8221; custom_padding=&#8221;23px|||||&#8221; global_colors_info=&#8221;{}&#8221;][\/et_pb_divider][et_pb_text _builder_version=&#8221;4.27.4&#8243; _module_preset=&#8221;default&#8221; background_color=&#8221;RGBA(255,255,255,0)&#8221; global_colors_info=&#8221;{}&#8221;]<\/p>\n<h3 data-start=\"2266\" data-end=\"2286\"><strong>Jordn\u00e6r erfaring<\/strong><\/h3>\n<p data-start=\"2287\" data-end=\"2349\">Jeg er elektriker af uddannelse og menneskekender af erfaring.<\/p>\n<p data-start=\"2351\" data-end=\"2546\">Jeg har st\u00e5et i drift, ledet teams, haft ansvar og m\u00e6rket presset p\u00e5 egen krop.<br data-start=\"2430\" data-end=\"2433\" \/>Derfor taler jeg et sprog, som b\u00e5de medarbejdere, ledere og h\u00e5ndv\u00e6rkere forst\u00e5r, uden floskler og uden distance.<\/p>\n<p>[\/et_pb_text][\/et_pb_column][\/et_pb_row][et_pb_row column_structure=&#8221;1_2,1_2&#8243; _builder_version=&#8221;4.27.4&#8243; _module_preset=&#8221;default&#8221; global_colors_info=&#8221;{}&#8221;][et_pb_column type=&#8221;1_2&#8243; _builder_version=&#8221;4.27.4&#8243; _module_preset=&#8221;default&#8221; global_colors_info=&#8221;{}&#8221;][et_pb_text _builder_version=&#8221;4.27.4&#8243; _module_preset=&#8221;default&#8221; background_color=&#8221;RGBA(255,255,255,0)&#8221; global_colors_info=&#8221;{}&#8221;]<\/p>\n<h3 data-start=\"2553\" data-end=\"2588\"><strong>Jeg lever det, jeg arbejder med<\/strong><\/h3>\n<p data-start=\"2589\" data-end=\"2627\">Jeg tror ikke p\u00e5 udvikling p\u00e5 afstand.<\/p>\n<p data-start=\"2629\" data-end=\"2800\">Jeg deler egne erfaringer med tvivl, udbr\u00e6ndthed og forandring, n\u00e5r det er relevant.<br data-start=\"2713\" data-end=\"2716\" \/>Det skaber et rum, hvor andre t\u00f8r v\u00e6re \u00e6rlige og hvor reel forandring kan begynde.<\/p>\n<p>[\/et_pb_text][et_pb_text _builder_version=&#8221;4.27.4&#8243; _module_preset=&#8221;default&#8221; background_color=&#8221;RGBA(255,255,255,0)&#8221; global_colors_info=&#8221;{}&#8221;]<\/p>\n<h3 data-start=\"2807\" data-end=\"2821\"><strong>Afslutning<\/strong><\/h3>\n<p data-start=\"2822\" data-end=\"2926\">Mennesket kommer altid f\u00f8rst.<br data-start=\"2851\" data-end=\"2854\" \/>Forandring begynder, n\u00e5r du m\u00e6rker lysten til at tage det f\u00f8rste skridt.<\/p>\n<p>[\/et_pb_text][\/et_pb_column][et_pb_column type=&#8221;1_2&#8243; _builder_version=&#8221;4.27.4&#8243; _module_preset=&#8221;default&#8221; global_colors_info=&#8221;{}&#8221;][et_pb_image src=&#8221;https:\/\/stephan-sax.com\/wp-content\/uploads\/2024\/09\/Stephan-sax-e1726049347638.jpg&#8221; title_text=&#8221;Stephan-sax&#8221; _builder_version=&#8221;4.27.4&#8243; _module_preset=&#8221;default&#8221; global_colors_info=&#8221;{}&#8221;][\/et_pb_image][\/et_pb_column][\/et_pb_row][\/et_pb_section]<\/p>","protected":false},"excerpt":{"rendered":"<p>Mennesket f\u00f8r metoden Jeg arbejder ikke ud fra skabeloner, systemer eller standardl\u00f8sninger.Jeg arbejder med mennesker. For mig begynder enhver forandring med at forst\u00e5 det menneske, der st\u00e5r foran mig \u2013 f\u00f8r vi taler om metoder, m\u00e5l eller resultater. Hvad betyder mennesket f\u00f8r metoden? Mennesket f\u00f8r metoden betyder, at jeg altid ser: personen f\u00f8r rollen behovet [&hellip;]<\/p>","protected":false},"author":1,"featured_media":0,"parent":0,"menu_order":0,"comment_status":"closed","ping_status":"closed","template":"","meta":{"_et_pb_use_builder":"on","_et_pb_old_content":"<!-- wp:divi\/placeholder \/-->","_et_gb_content_width":"","footnotes":""},"class_list":["post-5553","page","type-page","status-publish","hentry"],"yoast_head":"<!-- This site is optimized with the Yoast SEO plugin v27.3 - https:\/\/yoast.com\/product\/yoast-seo-wordpress\/ -->\n<title>Mennesket f\u00f8r metoden | Stephan Sax<\/title>\n<meta name=\"description\" content=\"Mennesket f\u00f8r metoden s\u00e6tter mennesket og dets indre drivkr\u00e6fter f\u00f8r modeller, systemer og standardl\u00f8sninger.\" \/>\n<meta name=\"robots\" content=\"index, follow, max-snippet:-1, max-image-preview:large, max-video-preview:-1\" \/>\n<link rel=\"canonical\" href=\"https:\/\/stephan-sax.com\/de\/pld-analyse\/\" \/>\n<meta property=\"og:locale\" content=\"de_DE\" \/>\n<meta property=\"og:type\" content=\"article\" \/>\n<meta property=\"og:title\" content=\"Mennesket f\u00f8r metoden | Stephan Sax\" \/>\n<meta property=\"og:description\" content=\"Mennesket f\u00f8r metoden s\u00e6tter mennesket og dets indre drivkr\u00e6fter f\u00f8r modeller, systemer og standardl\u00f8sninger.\" \/>\n<meta property=\"og:url\" content=\"https:\/\/stephan-sax.com\/de\/pld-analyse\/\" \/>\n<meta property=\"og:site_name\" content=\"Stephan Sax Mental Performance ApS\" \/>\n<meta property=\"article:publisher\" content=\"https:\/\/www.facebook.com\/profile.php?id=100068816122387\" \/>\n<meta property=\"article:modified_time\" content=\"2026-02-20T14:02:13+00:00\" \/>\n<meta name=\"twitter:card\" content=\"summary_large_image\" \/>\n<meta name=\"twitter:label1\" content=\"Gesch\u00e4tzte Lesezeit\" \/>\n\t<meta name=\"twitter:data1\" content=\"3\u00a0Minuten\" \/>\n<script type=\"application\/ld+json\" class=\"yoast-schema-graph\">{\"@context\":\"https:\\\/\\\/schema.org\",\"@graph\":[{\"@type\":\"WebPage\",\"@id\":\"https:\\\/\\\/stephan-sax.com\\\/mennesket-foer-metoden\\\/\",\"url\":\"https:\\\/\\\/stephan-sax.com\\\/pld-analyse\\\/\",\"name\":\"Mennesket f\u00f8r metoden | Stephan Sax\",\"isPartOf\":{\"@id\":\"https:\\\/\\\/stephan-sax.com\\\/#website\"},\"datePublished\":\"2026-02-16T11:28:54+00:00\",\"dateModified\":\"2026-02-20T14:02:13+00:00\",\"description\":\"Mennesket f\u00f8r metoden s\u00e6tter mennesket og dets indre drivkr\u00e6fter f\u00f8r modeller, systemer og standardl\u00f8sninger.\",\"breadcrumb\":{\"@id\":\"https:\\\/\\\/stephan-sax.com\\\/pld-analyse\\\/#breadcrumb\"},\"inLanguage\":\"de\",\"potentialAction\":[{\"@type\":\"ReadAction\",\"target\":[\"https:\\\/\\\/stephan-sax.com\\\/pld-analyse\\\/\"]}]},{\"@type\":\"BreadcrumbList\",\"@id\":\"https:\\\/\\\/stephan-sax.com\\\/pld-analyse\\\/#breadcrumb\",\"itemListElement\":[{\"@type\":\"ListItem\",\"position\":1,\"name\":\"Startseite\",\"item\":\"https:\\\/\\\/stephan-sax.com\\\/\"},{\"@type\":\"ListItem\",\"position\":2,\"name\":\"PLD Analyse\"}]},{\"@type\":\"WebSite\",\"@id\":\"https:\\\/\\\/stephan-sax.com\\\/#website\",\"url\":\"https:\\\/\\\/stephan-sax.com\\\/\",\"name\":\"Stephan Sax Mental Performance ApS\",\"description\":\"Mental Performance for ledelse, medarbejdere og virksomheder\",\"alternateName\":\"High Performance\",\"potentialAction\":[{\"@type\":\"SearchAction\",\"target\":{\"@type\":\"EntryPoint\",\"urlTemplate\":\"https:\\\/\\\/stephan-sax.com\\\/?s={search_term_string}\"},\"query-input\":{\"@type\":\"PropertyValueSpecification\",\"valueRequired\":true,\"valueName\":\"search_term_string\"}}],\"inLanguage\":\"de\"}]}<\/script>\n<!-- \/ Yoast SEO plugin. -->","yoast_head_json":{"title":"Mennesket f\u00f8r metoden | Stephan Sax","description":"Mennesket f\u00f8r metoden s\u00e6tter mennesket og dets indre drivkr\u00e6fter f\u00f8r modeller, systemer og standardl\u00f8sninger.","robots":{"index":"index","follow":"follow","max-snippet":"max-snippet:-1","max-image-preview":"max-image-preview:large","max-video-preview":"max-video-preview:-1"},"canonical":"https:\/\/stephan-sax.com\/de\/pld-analyse\/","og_locale":"de_DE","og_type":"article","og_title":"Mennesket f\u00f8r metoden | Stephan Sax","og_description":"Mennesket f\u00f8r metoden s\u00e6tter mennesket og dets indre drivkr\u00e6fter f\u00f8r modeller, systemer og standardl\u00f8sninger.","og_url":"https:\/\/stephan-sax.com\/de\/pld-analyse\/","og_site_name":"Stephan Sax Mental Performance ApS","article_publisher":"https:\/\/www.facebook.com\/profile.php?id=100068816122387","article_modified_time":"2026-02-20T14:02:13+00:00","twitter_card":"summary_large_image","twitter_misc":{"Gesch\u00e4tzte Lesezeit":"3\u00a0Minuten"},"schema":{"@context":"https:\/\/schema.org","@graph":[{"@type":"WebPage","@id":"https:\/\/stephan-sax.com\/mennesket-foer-metoden\/","url":"https:\/\/stephan-sax.com\/pld-analyse\/","name":"Mennesket f\u00f8r metoden | Stephan Sax","isPartOf":{"@id":"https:\/\/stephan-sax.com\/#website"},"datePublished":"2026-02-16T11:28:54+00:00","dateModified":"2026-02-20T14:02:13+00:00","description":"Mennesket f\u00f8r metoden s\u00e6tter mennesket og dets indre drivkr\u00e6fter f\u00f8r modeller, systemer og standardl\u00f8sninger.","breadcrumb":{"@id":"https:\/\/stephan-sax.com\/pld-analyse\/#breadcrumb"},"inLanguage":"de","potentialAction":[{"@type":"ReadAction","target":["https:\/\/stephan-sax.com\/pld-analyse\/"]}]},{"@type":"BreadcrumbList","@id":"https:\/\/stephan-sax.com\/pld-analyse\/#breadcrumb","itemListElement":[{"@type":"ListItem","position":1,"name":"Startseite","item":"https:\/\/stephan-sax.com\/"},{"@type":"ListItem","position":2,"name":"PLD Analyse"}]},{"@type":"WebSite","@id":"https:\/\/stephan-sax.com\/#website","url":"https:\/\/stephan-sax.com\/","name":"Stephan Sax Mental Performance ApS","description":"Mental Performance for ledelse, medarbejdere og virksomheder","alternateName":"High Performance","potentialAction":[{"@type":"SearchAction","target":{"@type":"EntryPoint","urlTemplate":"https:\/\/stephan-sax.com\/?s={search_term_string}"},"query-input":{"@type":"PropertyValueSpecification","valueRequired":true,"valueName":"search_term_string"}}],"inLanguage":"de"}]}},"_links":{"self":[{"href":"https:\/\/stephan-sax.com\/de\/wp-json\/wp\/v2\/pages\/5553","targetHints":{"allow":["GET"]}}],"collection":[{"href":"https:\/\/stephan-sax.com\/de\/wp-json\/wp\/v2\/pages"}],"about":[{"href":"https:\/\/stephan-sax.com\/de\/wp-json\/wp\/v2\/types\/page"}],"author":[{"embeddable":true,"href":"https:\/\/stephan-sax.com\/de\/wp-json\/wp\/v2\/users\/1"}],"replies":[{"embeddable":true,"href":"https:\/\/stephan-sax.com\/de\/wp-json\/wp\/v2\/comments?post=5553"}],"version-history":[{"count":5,"href":"https:\/\/stephan-sax.com\/de\/wp-json\/wp\/v2\/pages\/5553\/revisions"}],"predecessor-version":[{"id":5628,"href":"https:\/\/stephan-sax.com\/de\/wp-json\/wp\/v2\/pages\/5553\/revisions\/5628"}],"wp:attachment":[{"href":"https:\/\/stephan-sax.com\/de\/wp-json\/wp\/v2\/media?parent=5553"}],"curies":[{"name":"wp","href":"https:\/\/api.w.org\/{rel}","templated":true}]}}